{"id":331,"date":"2015-07-08T10:59:29","date_gmt":"2015-07-08T08:59:29","guid":{"rendered":"http:\/\/www.kristrom.se\/om-byran\/?lang=en"},"modified":"2024-06-18T11:03:21","modified_gmt":"2024-06-18T09:03:21","slug":"about-us","status":"publish","type":"page","link":"https:\/\/kristrom.se\/en\/about-us\/","title":{"rendered":"About us"},"content":{"rendered":"<p><img loading=\"lazy\" decoding=\"async\" class=\"alignnone size-full wp-image-553\" src=\"https:\/\/www.kristrom.se\/wp-content\/uploads\/kristrom-3.png\" alt=\"\" width=\"1000\" height=\"400\" srcset=\"https:\/\/kristrom.se\/wp-content\/uploads\/kristrom-3.png 1000w, https:\/\/kristrom.se\/wp-content\/uploads\/kristrom-3-500x200.png 500w, https:\/\/kristrom.se\/wp-content\/uploads\/kristrom-3-768x307.png 768w\" sizes=\"auto, (max-width: 1000px) 100vw, 1000px\" \/><\/p>\n<p>Kristr\u00f6m law firm represents both businesses and private individuals, and with over 100 years of experience, we have since the years at Brunkebergstorg in the 1930s grown both in height and width.<\/p>\n<p>We have developed into a modern full-service law firm with a special focus on entrepreneurship, real estate and construction, litigation and arbitration as well as criminal law. Read more under \u201dAreas of Expertise\u201d to gain an insight into what we can help you with.<\/p>\n<p>Arne and Per Kristr\u00f6m started practicing law many decades ago. Arne was born in the early 1900s and his clients were mostly private individuals while Per, born in the 1920s, took the firm in a more business oriented legal direction. These two brothers and their work are parts of the foundation of what Kristr\u00f6m law firm is today.<\/p>\n<p>We are driven by our ambition to meet our client&#8217;s needs. Our job is to listen, understand and provide the support and expertise that best solves our client\u2019s problem. It&#8217;s not only about law but to understand the client&#8217;s business.<\/p>\n<p>Kristr\u00f6m law firm has provided reliable legal advices for more than 100 years &#8211; which has to be considered a good start.<\/p>\n","protected":false},"excerpt":{"rendered":"<p>Kristr\u00f6m law firm represents both businesses and private individuals, and with over 100 years of experience, we have since the years at Brunkebergstorg in the 1930s grown both in height and width. We have developed into a modern full-service law firm with a special focus on entrepreneurship, real estate and construction, litigation and arbitration as&#8230; <\/p>\n<p><a href=\"https:\/\/kristrom.se\/en\/about-us\/\" rel=\"nofollow\">L\u00e4s mer \u00bb<\/a><\/p>\n","protected":false},"author":5,"featured_media":0,"parent":0,"menu_order":0,"comment_status":"closed","ping_status":"open","template":"","meta":{"_acf_changed":false,"_genesis_hide_title":false,"_genesis_hide_breadcrumbs":false,"_genesis_hide_singular_image":false,"_genesis_hide_footer_widgets":false,"_genesis_custom_body_class":"","_genesis_custom_post_class":"","_genesis_layout":"","footnotes":""},"class_list":{"0":"post-331","1":"page","2":"type-page","3":"status-publish","5":"entry"},"acf":[],"yoast_head":"<!-- This site is optimized with the Yoast SEO plugin v27.4 - https:\/\/yoast.com\/product\/yoast-seo-wordpress\/ -->\n<title>About us | Kristr\u00f6m Advokatbyr\u00e5<\/title>\n<meta name=\"description\" content=\"Kristr\u00f6m advokatbyr\u00e5 har funnits som en trygg juridisk resurs under mer \u00e4n 80 \u00e5r \u2013 det f\u00e5r anses som en god b\u00f6rjan.\" \/>\n<meta name=\"robots\" content=\"index, follow, max-snippet:-1, max-image-preview:large, max-video-preview:-1\" \/>\n<link rel=\"canonical\" href=\"https:\/\/kristrom.se\/en\/about-us\/\" \/>\n<meta property=\"og:locale\" content=\"en_US\" \/>\n<meta property=\"og:type\" content=\"article\" \/>\n<meta property=\"og:title\" content=\"About us | Kristr\u00f6m Advokatbyr\u00e5\" \/>\n<meta property=\"og:description\" content=\"Kristr\u00f6m advokatbyr\u00e5 har funnits som en trygg juridisk resurs under mer \u00e4n 80 \u00e5r \u2013 det f\u00e5r anses som en god b\u00f6rjan.\" \/>\n<meta property=\"og:url\" content=\"https:\/\/kristrom.se\/en\/about-us\/\" \/>\n<meta property=\"og:site_name\" content=\"Kristr\u00f6m Advokatbyr\u00e5\" \/>\n<meta property=\"article:modified_time\" content=\"2024-06-18T09:03:21+00:00\" \/>\n<meta property=\"og:image\" content=\"https:\/\/www.kristrom.se\/wp-content\/uploads\/kristrom-3.png\" \/>\n<meta name=\"twitter:card\" content=\"summary_large_image\" \/>\n<meta name=\"twitter:label1\" content=\"Est. reading time\" \/>\n\t<meta name=\"twitter:data1\" content=\"2 minutes\" \/>\n<script type=\"application\/ld+json\" class=\"yoast-schema-graph\">{\"@context\":\"https:\\\/\\\/schema.org\",\"@graph\":[{\"@type\":\"WebPage\",\"@id\":\"https:\\\/\\\/kristrom.se\\\/en\\\/about-us\\\/\",\"url\":\"https:\\\/\\\/kristrom.se\\\/en\\\/about-us\\\/\",\"name\":\"About us | Kristr\u00f6m Advokatbyr\u00e5\",\"isPartOf\":{\"@id\":\"https:\\\/\\\/kristrom.se\\\/#website\"},\"primaryImageOfPage\":{\"@id\":\"https:\\\/\\\/kristrom.se\\\/en\\\/about-us\\\/#primaryimage\"},\"image\":{\"@id\":\"https:\\\/\\\/kristrom.se\\\/en\\\/about-us\\\/#primaryimage\"},\"thumbnailUrl\":\"https:\\\/\\\/www.kristrom.se\\\/wp-content\\\/uploads\\\/kristrom-3.png\",\"datePublished\":\"2015-07-08T08:59:29+00:00\",\"dateModified\":\"2024-06-18T09:03:21+00:00\",\"description\":\"Kristr\u00f6m advokatbyr\u00e5 har funnits som en trygg juridisk resurs under mer \u00e4n 80 \u00e5r \u2013 det f\u00e5r anses som en god b\u00f6rjan.\",\"breadcrumb\":{\"@id\":\"https:\\\/\\\/kristrom.se\\\/en\\\/about-us\\\/#breadcrumb\"},\"inLanguage\":\"en-US\",\"potentialAction\":[{\"@type\":\"ReadAction\",\"target\":[\"https:\\\/\\\/kristrom.se\\\/en\\\/about-us\\\/\"]}]},{\"@type\":\"ImageObject\",\"inLanguage\":\"en-US\",\"@id\":\"https:\\\/\\\/kristrom.se\\\/en\\\/about-us\\\/#primaryimage\",\"url\":\"https:\\\/\\\/www.kristrom.se\\\/wp-content\\\/uploads\\\/kristrom-3.png\",\"contentUrl\":\"https:\\\/\\\/www.kristrom.se\\\/wp-content\\\/uploads\\\/kristrom-3.png\"},{\"@type\":\"BreadcrumbList\",\"@id\":\"https:\\\/\\\/kristrom.se\\\/en\\\/about-us\\\/#breadcrumb\",\"itemListElement\":[{\"@type\":\"ListItem\",\"position\":1,\"name\":\"Hem\",\"item\":\"https:\\\/\\\/kristrom.se\\\/en\\\/\"},{\"@type\":\"ListItem\",\"position\":2,\"name\":\"About us\"}]},{\"@type\":\"WebSite\",\"@id\":\"https:\\\/\\\/kristrom.se\\\/#website\",\"url\":\"https:\\\/\\\/kristrom.se\\\/\",\"name\":\"Kristr\u00f6m Advokatbyr\u00e5\",\"description\":\"\",\"potentialAction\":[{\"@type\":\"SearchAction\",\"target\":{\"@type\":\"EntryPoint\",\"urlTemplate\":\"https:\\\/\\\/kristrom.se\\\/?s={search_term_string}\"},\"query-input\":{\"@type\":\"PropertyValueSpecification\",\"valueRequired\":true,\"valueName\":\"search_term_string\"}}],\"inLanguage\":\"en-US\"}]}<\/script>\n<!-- \/ Yoast SEO plugin. -->","yoast_head_json":{"title":"About us | Kristr\u00f6m Advokatbyr\u00e5","description":"Kristr\u00f6m advokatbyr\u00e5 har funnits som en trygg juridisk resurs under mer \u00e4n 80 \u00e5r \u2013 det f\u00e5r anses som en god b\u00f6rjan.","robots":{"index":"index","follow":"follow","max-snippet":"max-snippet:-1","max-image-preview":"max-image-preview:large","max-video-preview":"max-video-preview:-1"},"canonical":"https:\/\/kristrom.se\/en\/about-us\/","og_locale":"en_US","og_type":"article","og_title":"About us | Kristr\u00f6m Advokatbyr\u00e5","og_description":"Kristr\u00f6m advokatbyr\u00e5 har funnits som en trygg juridisk resurs under mer \u00e4n 80 \u00e5r \u2013 det f\u00e5r anses som en god b\u00f6rjan.","og_url":"https:\/\/kristrom.se\/en\/about-us\/","og_site_name":"Kristr\u00f6m Advokatbyr\u00e5","article_modified_time":"2024-06-18T09:03:21+00:00","og_image":[{"url":"https:\/\/www.kristrom.se\/wp-content\/uploads\/kristrom-3.png","type":"","width":"","height":""}],"twitter_card":"summary_large_image","twitter_misc":{"Est. reading time":"2 minutes"},"schema":{"@context":"https:\/\/schema.org","@graph":[{"@type":"WebPage","@id":"https:\/\/kristrom.se\/en\/about-us\/","url":"https:\/\/kristrom.se\/en\/about-us\/","name":"About us | Kristr\u00f6m Advokatbyr\u00e5","isPartOf":{"@id":"https:\/\/kristrom.se\/#website"},"primaryImageOfPage":{"@id":"https:\/\/kristrom.se\/en\/about-us\/#primaryimage"},"image":{"@id":"https:\/\/kristrom.se\/en\/about-us\/#primaryimage"},"thumbnailUrl":"https:\/\/www.kristrom.se\/wp-content\/uploads\/kristrom-3.png","datePublished":"2015-07-08T08:59:29+00:00","dateModified":"2024-06-18T09:03:21+00:00","description":"Kristr\u00f6m advokatbyr\u00e5 har funnits som en trygg juridisk resurs under mer \u00e4n 80 \u00e5r \u2013 det f\u00e5r anses som en god b\u00f6rjan.","breadcrumb":{"@id":"https:\/\/kristrom.se\/en\/about-us\/#breadcrumb"},"inLanguage":"en-US","potentialAction":[{"@type":"ReadAction","target":["https:\/\/kristrom.se\/en\/about-us\/"]}]},{"@type":"ImageObject","inLanguage":"en-US","@id":"https:\/\/kristrom.se\/en\/about-us\/#primaryimage","url":"https:\/\/www.kristrom.se\/wp-content\/uploads\/kristrom-3.png","contentUrl":"https:\/\/www.kristrom.se\/wp-content\/uploads\/kristrom-3.png"},{"@type":"BreadcrumbList","@id":"https:\/\/kristrom.se\/en\/about-us\/#breadcrumb","itemListElement":[{"@type":"ListItem","position":1,"name":"Hem","item":"https:\/\/kristrom.se\/en\/"},{"@type":"ListItem","position":2,"name":"About us"}]},{"@type":"WebSite","@id":"https:\/\/kristrom.se\/#website","url":"https:\/\/kristrom.se\/","name":"Kristr\u00f6m Advokatbyr\u00e5","description":"","potentialAction":[{"@type":"SearchAction","target":{"@type":"EntryPoint","urlTemplate":"https:\/\/kristrom.se\/?s={search_term_string}"},"query-input":{"@type":"PropertyValueSpecification","valueRequired":true,"valueName":"search_term_string"}}],"inLanguage":"en-US"}]}},"_links":{"self":[{"href":"https:\/\/kristrom.se\/en\/wp-json\/wp\/v2\/pages\/331","targetHints":{"allow":["GET"]}}],"collection":[{"href":"https:\/\/kristrom.se\/en\/wp-json\/wp\/v2\/pages"}],"about":[{"href":"https:\/\/kristrom.se\/en\/wp-json\/wp\/v2\/types\/page"}],"author":[{"embeddable":true,"href":"https:\/\/kristrom.se\/en\/wp-json\/wp\/v2\/users\/5"}],"replies":[{"embeddable":true,"href":"https:\/\/kristrom.se\/en\/wp-json\/wp\/v2\/comments?post=331"}],"version-history":[{"count":7,"href":"https:\/\/kristrom.se\/en\/wp-json\/wp\/v2\/pages\/331\/revisions"}],"predecessor-version":[{"id":1409,"href":"https:\/\/kristrom.se\/en\/wp-json\/wp\/v2\/pages\/331\/revisions\/1409"}],"wp:attachment":[{"href":"https:\/\/kristrom.se\/en\/wp-json\/wp\/v2\/media?parent=331"}],"curies":[{"name":"wp","href":"https:\/\/api.w.org\/{rel}","templated":true}]}}