{"id":337,"date":"2015-08-27T11:26:11","date_gmt":"2015-08-27T09:26:11","guid":{"rendered":"http:\/\/www.kristrom.se\/verksamhetsomraden\/arbetsratt\/?lang=en"},"modified":"2017-10-18T14:55:33","modified_gmt":"2017-10-18T12:55:33","slug":"labour-law","status":"publish","type":"page","link":"https:\/\/kristrom.se\/en\/areas-of-expertise\/labour-law\/","title":{"rendered":"Labour Law"},"content":{"rendered":"<p><img loading=\"lazy\" decoding=\"async\" class=\"alignnone size-full wp-image-557\" src=\"https:\/\/www.kristrom.se\/wp-content\/uploads\/kristrom-4.png\" alt=\"\" width=\"1000\" height=\"400\" srcset=\"https:\/\/kristrom.se\/wp-content\/uploads\/kristrom-4.png 1000w, https:\/\/kristrom.se\/wp-content\/uploads\/kristrom-4-500x200.png 500w, https:\/\/kristrom.se\/wp-content\/uploads\/kristrom-4-768x307.png 768w\" sizes=\"auto, (max-width: 1000px) 100vw, 1000px\" \/><\/p>\n<p>Kristr\u00f6m law firm represents its clients in all types of employment law issues. Our clients are Swedish and foreign companies and organizations in the labor market, but also senior management and employees.<\/p>\n<p>Kristr\u00f6m law firm assists in drafting employment contracts. We also assist in various kinds of disputes, competition issues, issues of trade secrets, reorganizations and also labor law matters during mergers and acquisitions.<\/p>\n","protected":false},"excerpt":{"rendered":"<p>Kristr\u00f6m law firm represents its clients in all types of employment law issues. Our clients are Swedish and foreign companies and organizations in the labor market, but also senior management and employees. Kristr\u00f6m law firm assists in drafting employment contracts. We also assist in various kinds of disputes, competition issues, issues of trade secrets, reorganizations&#8230; <\/p>\n<p><a href=\"https:\/\/kristrom.se\/en\/areas-of-expertise\/labour-law\/\" rel=\"nofollow\">L\u00e4s mer \u00bb<\/a><\/p>\n","protected":false},"author":5,"featured_media":0,"parent":335,"menu_order":0,"comment_status":"closed","ping_status":"closed","template":"","meta":{"_acf_changed":false,"_genesis_hide_title":false,"_genesis_hide_breadcrumbs":false,"_genesis_hide_singular_image":false,"_genesis_hide_footer_widgets":false,"_genesis_custom_body_class":"","_genesis_custom_post_class":"","_genesis_layout":"","footnotes":""},"class_list":{"0":"post-337","1":"page","2":"type-page","3":"status-publish","5":"entry"},"acf":[],"yoast_head":"<!-- This site is optimized with the Yoast SEO plugin v27.4 - https:\/\/yoast.com\/product\/yoast-seo-wordpress\/ -->\n<title>Labour Law | Kristr\u00f6m Advokatbyr\u00e5<\/title>\n<meta name=\"description\" content=\"Kristr\u00f6m Advokatbyr\u00e5 bitr\u00e4der sina klienter i alla typer av arbetsr\u00e4ttslig r\u00e5dgivning\" \/>\n<meta name=\"robots\" content=\"index, follow, max-snippet:-1, max-image-preview:large, max-video-preview:-1\" \/>\n<link rel=\"canonical\" href=\"https:\/\/kristrom.se\/en\/areas-of-expertise\/labour-law\/\" \/>\n<meta property=\"og:locale\" content=\"en_US\" \/>\n<meta property=\"og:type\" content=\"article\" \/>\n<meta property=\"og:title\" content=\"Labour Law | Kristr\u00f6m Advokatbyr\u00e5\" \/>\n<meta property=\"og:description\" content=\"Kristr\u00f6m Advokatbyr\u00e5 bitr\u00e4der sina klienter i alla typer av arbetsr\u00e4ttslig r\u00e5dgivning\" \/>\n<meta property=\"og:url\" content=\"https:\/\/kristrom.se\/en\/areas-of-expertise\/labour-law\/\" \/>\n<meta property=\"og:site_name\" content=\"Kristr\u00f6m Advokatbyr\u00e5\" \/>\n<meta property=\"article:modified_time\" content=\"2017-10-18T12:55:33+00:00\" \/>\n<meta property=\"og:image\" content=\"https:\/\/www.kristrom.se\/wp-content\/uploads\/kristrom-4.png\" \/>\n<meta name=\"twitter:card\" content=\"summary_large_image\" \/>\n<script type=\"application\/ld+json\" class=\"yoast-schema-graph\">{\"@context\":\"https:\\\/\\\/schema.org\",\"@graph\":[{\"@type\":\"WebPage\",\"@id\":\"https:\\\/\\\/kristrom.se\\\/en\\\/areas-of-expertise\\\/labour-law\\\/\",\"url\":\"https:\\\/\\\/kristrom.se\\\/en\\\/areas-of-expertise\\\/labour-law\\\/\",\"name\":\"Labour Law | Kristr\u00f6m Advokatbyr\u00e5\",\"isPartOf\":{\"@id\":\"https:\\\/\\\/kristrom.se\\\/#website\"},\"primaryImageOfPage\":{\"@id\":\"https:\\\/\\\/kristrom.se\\\/en\\\/areas-of-expertise\\\/labour-law\\\/#primaryimage\"},\"image\":{\"@id\":\"https:\\\/\\\/kristrom.se\\\/en\\\/areas-of-expertise\\\/labour-law\\\/#primaryimage\"},\"thumbnailUrl\":\"https:\\\/\\\/www.kristrom.se\\\/wp-content\\\/uploads\\\/kristrom-4.png\",\"datePublished\":\"2015-08-27T09:26:11+00:00\",\"dateModified\":\"2017-10-18T12:55:33+00:00\",\"description\":\"Kristr\u00f6m Advokatbyr\u00e5 bitr\u00e4der sina klienter i alla typer av arbetsr\u00e4ttslig r\u00e5dgivning\",\"breadcrumb\":{\"@id\":\"https:\\\/\\\/kristrom.se\\\/en\\\/areas-of-expertise\\\/labour-law\\\/#breadcrumb\"},\"inLanguage\":\"en-US\",\"potentialAction\":[{\"@type\":\"ReadAction\",\"target\":[\"https:\\\/\\\/kristrom.se\\\/en\\\/areas-of-expertise\\\/labour-law\\\/\"]}]},{\"@type\":\"ImageObject\",\"inLanguage\":\"en-US\",\"@id\":\"https:\\\/\\\/kristrom.se\\\/en\\\/areas-of-expertise\\\/labour-law\\\/#primaryimage\",\"url\":\"https:\\\/\\\/www.kristrom.se\\\/wp-content\\\/uploads\\\/kristrom-4.png\",\"contentUrl\":\"https:\\\/\\\/www.kristrom.se\\\/wp-content\\\/uploads\\\/kristrom-4.png\"},{\"@type\":\"BreadcrumbList\",\"@id\":\"https:\\\/\\\/kristrom.se\\\/en\\\/areas-of-expertise\\\/labour-law\\\/#breadcrumb\",\"itemListElement\":[{\"@type\":\"ListItem\",\"position\":1,\"name\":\"Hem\",\"item\":\"https:\\\/\\\/kristrom.se\\\/en\\\/\"},{\"@type\":\"ListItem\",\"position\":2,\"name\":\"Areas of Expertise\",\"item\":\"https:\\\/\\\/kristrom.se\\\/en\\\/areas-of-expertise\\\/\"},{\"@type\":\"ListItem\",\"position\":3,\"name\":\"Labour Law\"}]},{\"@type\":\"WebSite\",\"@id\":\"https:\\\/\\\/kristrom.se\\\/#website\",\"url\":\"https:\\\/\\\/kristrom.se\\\/\",\"name\":\"Kristr\u00f6m Advokatbyr\u00e5\",\"description\":\"\",\"potentialAction\":[{\"@type\":\"SearchAction\",\"target\":{\"@type\":\"EntryPoint\",\"urlTemplate\":\"https:\\\/\\\/kristrom.se\\\/?s={search_term_string}\"},\"query-input\":{\"@type\":\"PropertyValueSpecification\",\"valueRequired\":true,\"valueName\":\"search_term_string\"}}],\"inLanguage\":\"en-US\"}]}<\/script>\n<!-- \/ Yoast SEO plugin. -->","yoast_head_json":{"title":"Labour Law | Kristr\u00f6m Advokatbyr\u00e5","description":"Kristr\u00f6m Advokatbyr\u00e5 bitr\u00e4der sina klienter i alla typer av arbetsr\u00e4ttslig r\u00e5dgivning","robots":{"index":"index","follow":"follow","max-snippet":"max-snippet:-1","max-image-preview":"max-image-preview:large","max-video-preview":"max-video-preview:-1"},"canonical":"https:\/\/kristrom.se\/en\/areas-of-expertise\/labour-law\/","og_locale":"en_US","og_type":"article","og_title":"Labour Law | Kristr\u00f6m Advokatbyr\u00e5","og_description":"Kristr\u00f6m Advokatbyr\u00e5 bitr\u00e4der sina klienter i alla typer av arbetsr\u00e4ttslig r\u00e5dgivning","og_url":"https:\/\/kristrom.se\/en\/areas-of-expertise\/labour-law\/","og_site_name":"Kristr\u00f6m Advokatbyr\u00e5","article_modified_time":"2017-10-18T12:55:33+00:00","og_image":[{"url":"https:\/\/www.kristrom.se\/wp-content\/uploads\/kristrom-4.png","type":"","width":"","height":""}],"twitter_card":"summary_large_image","schema":{"@context":"https:\/\/schema.org","@graph":[{"@type":"WebPage","@id":"https:\/\/kristrom.se\/en\/areas-of-expertise\/labour-law\/","url":"https:\/\/kristrom.se\/en\/areas-of-expertise\/labour-law\/","name":"Labour Law | Kristr\u00f6m Advokatbyr\u00e5","isPartOf":{"@id":"https:\/\/kristrom.se\/#website"},"primaryImageOfPage":{"@id":"https:\/\/kristrom.se\/en\/areas-of-expertise\/labour-law\/#primaryimage"},"image":{"@id":"https:\/\/kristrom.se\/en\/areas-of-expertise\/labour-law\/#primaryimage"},"thumbnailUrl":"https:\/\/www.kristrom.se\/wp-content\/uploads\/kristrom-4.png","datePublished":"2015-08-27T09:26:11+00:00","dateModified":"2017-10-18T12:55:33+00:00","description":"Kristr\u00f6m Advokatbyr\u00e5 bitr\u00e4der sina klienter i alla typer av arbetsr\u00e4ttslig r\u00e5dgivning","breadcrumb":{"@id":"https:\/\/kristrom.se\/en\/areas-of-expertise\/labour-law\/#breadcrumb"},"inLanguage":"en-US","potentialAction":[{"@type":"ReadAction","target":["https:\/\/kristrom.se\/en\/areas-of-expertise\/labour-law\/"]}]},{"@type":"ImageObject","inLanguage":"en-US","@id":"https:\/\/kristrom.se\/en\/areas-of-expertise\/labour-law\/#primaryimage","url":"https:\/\/www.kristrom.se\/wp-content\/uploads\/kristrom-4.png","contentUrl":"https:\/\/www.kristrom.se\/wp-content\/uploads\/kristrom-4.png"},{"@type":"BreadcrumbList","@id":"https:\/\/kristrom.se\/en\/areas-of-expertise\/labour-law\/#breadcrumb","itemListElement":[{"@type":"ListItem","position":1,"name":"Hem","item":"https:\/\/kristrom.se\/en\/"},{"@type":"ListItem","position":2,"name":"Areas of Expertise","item":"https:\/\/kristrom.se\/en\/areas-of-expertise\/"},{"@type":"ListItem","position":3,"name":"Labour Law"}]},{"@type":"WebSite","@id":"https:\/\/kristrom.se\/#website","url":"https:\/\/kristrom.se\/","name":"Kristr\u00f6m Advokatbyr\u00e5","description":"","potentialAction":[{"@type":"SearchAction","target":{"@type":"EntryPoint","urlTemplate":"https:\/\/kristrom.se\/?s={search_term_string}"},"query-input":{"@type":"PropertyValueSpecification","valueRequired":true,"valueName":"search_term_string"}}],"inLanguage":"en-US"}]}},"_links":{"self":[{"href":"https:\/\/kristrom.se\/en\/wp-json\/wp\/v2\/pages\/337","targetHints":{"allow":["GET"]}}],"collection":[{"href":"https:\/\/kristrom.se\/en\/wp-json\/wp\/v2\/pages"}],"about":[{"href":"https:\/\/kristrom.se\/en\/wp-json\/wp\/v2\/types\/page"}],"author":[{"embeddable":true,"href":"https:\/\/kristrom.se\/en\/wp-json\/wp\/v2\/users\/5"}],"replies":[{"embeddable":true,"href":"https:\/\/kristrom.se\/en\/wp-json\/wp\/v2\/comments?post=337"}],"version-history":[{"count":4,"href":"https:\/\/kristrom.se\/en\/wp-json\/wp\/v2\/pages\/337\/revisions"}],"predecessor-version":[{"id":572,"href":"https:\/\/kristrom.se\/en\/wp-json\/wp\/v2\/pages\/337\/revisions\/572"}],"up":[{"embeddable":true,"href":"https:\/\/kristrom.se\/en\/wp-json\/wp\/v2\/pages\/335"}],"wp:attachment":[{"href":"https:\/\/kristrom.se\/en\/wp-json\/wp\/v2\/media?parent=337"}],"curies":[{"name":"wp","href":"https:\/\/api.w.org\/{rel}","templated":true}]}}