{"id":339,"date":"2015-08-27T11:29:01","date_gmt":"2015-08-27T09:29:01","guid":{"rendered":"http:\/\/www.kristrom.se\/verksamhetsomraden\/associationsratt\/?lang=en"},"modified":"2016-03-24T14:18:49","modified_gmt":"2016-03-24T13:18:49","slug":"corporate-law","status":"publish","type":"page","link":"https:\/\/kristrom.se\/en\/areas-of-expertise\/corporate-law\/","title":{"rendered":"Corporate Law"},"content":{"rendered":"<p><img loading=\"lazy\" decoding=\"async\" class=\"alignnone size-full wp-image-267\" src=\"\/wp-content\/uploads\/associationratt.jpg\" alt=\"associationratt\" width=\"1000\" height=\"400\" srcset=\"https:\/\/kristrom.se\/wp-content\/uploads\/associationratt.jpg 1000w, https:\/\/kristrom.se\/wp-content\/uploads\/associationratt-500x200.jpg 500w\" sizes=\"auto, (max-width: 1000px) 100vw, 1000px\" \/><\/p>\n<p>Kristr\u00f6m law firm has extensive experience with corporate law issues. Do you need help with your company&#8217;s internal legal structure, shareholder agreement or annual meeting of shareholders? Contact us for a discussion.<\/p>\n<p><strong>Associations and Foundations<\/strong><br \/>\nAssociations and foundations can create a lot of questions for you as a private individual or as a corporation. Kristr\u00f6m law firm can guide you right no matter what issue you are struggling with. Contact us for a discussion without any commitments of how we best can help you.<\/p>\n","protected":false},"excerpt":{"rendered":"<p>Kristr\u00f6m law firm has extensive experience with corporate law issues. Do you need help with your company&#8217;s internal legal structure, shareholder agreement or annual meeting of shareholders? Contact us for a discussion. Associations and Foundations Associations and foundations can create a lot of questions for you as a private individual or as a corporation. Kristr\u00f6m&#8230; <\/p>\n<p><a href=\"https:\/\/kristrom.se\/en\/areas-of-expertise\/corporate-law\/\" rel=\"nofollow\">L\u00e4s mer \u00bb<\/a><\/p>\n","protected":false},"author":5,"featured_media":0,"parent":335,"menu_order":0,"comment_status":"closed","ping_status":"closed","template":"","meta":{"_acf_changed":false,"_genesis_hide_title":false,"_genesis_hide_breadcrumbs":false,"_genesis_hide_singular_image":false,"_genesis_hide_footer_widgets":false,"_genesis_custom_body_class":"","_genesis_custom_post_class":"","_genesis_layout":"","footnotes":""},"class_list":{"0":"post-339","1":"page","2":"type-page","3":"status-publish","5":"entry"},"acf":[],"yoast_head":"<!-- This site is optimized with the Yoast SEO plugin v27.6 - https:\/\/yoast.com\/product\/yoast-seo-wordpress\/ -->\n<title>Corporate Law | Kristr\u00f6m Advokatbyr\u00e5<\/title>\n<meta name=\"description\" content=\"Kristr\u00f6m Advokatbyr\u00e5 har stor erfarenhet av associationsr\u00e4ttsliga fr\u00e5gest\u00e4llningar och kan guida dig r\u00e4tt oavsett vilken fr\u00e5gest\u00e4llning du tampas med.\" \/>\n<meta name=\"robots\" content=\"index, follow, max-snippet:-1, max-image-preview:large, max-video-preview:-1\" \/>\n<link rel=\"canonical\" href=\"https:\/\/kristrom.se\/en\/areas-of-expertise\/corporate-law\/\" \/>\n<meta property=\"og:locale\" content=\"en_US\" \/>\n<meta property=\"og:type\" content=\"article\" \/>\n<meta property=\"og:title\" content=\"Corporate Law | Kristr\u00f6m Advokatbyr\u00e5\" \/>\n<meta property=\"og:description\" content=\"Kristr\u00f6m Advokatbyr\u00e5 har stor erfarenhet av associationsr\u00e4ttsliga fr\u00e5gest\u00e4llningar och kan guida dig r\u00e4tt oavsett vilken fr\u00e5gest\u00e4llning du tampas med.\" \/>\n<meta property=\"og:url\" content=\"https:\/\/kristrom.se\/en\/areas-of-expertise\/corporate-law\/\" \/>\n<meta property=\"og:site_name\" content=\"Kristr\u00f6m Advokatbyr\u00e5\" \/>\n<meta property=\"article:modified_time\" content=\"2016-03-24T13:18:49+00:00\" \/>\n<meta property=\"og:image\" content=\"https:\/\/kristrom.se\/wp-content\/uploads\/associationratt.jpg\" \/>\n<meta name=\"twitter:card\" content=\"summary_large_image\" \/>\n<script type=\"application\/ld+json\" class=\"yoast-schema-graph\">{\"@context\":\"https:\\\/\\\/schema.org\",\"@graph\":[{\"@type\":\"WebPage\",\"@id\":\"https:\\\/\\\/kristrom.se\\\/en\\\/areas-of-expertise\\\/corporate-law\\\/\",\"url\":\"https:\\\/\\\/kristrom.se\\\/en\\\/areas-of-expertise\\\/corporate-law\\\/\",\"name\":\"Corporate Law | Kristr\u00f6m Advokatbyr\u00e5\",\"isPartOf\":{\"@id\":\"https:\\\/\\\/kristrom.se\\\/#website\"},\"datePublished\":\"2015-08-27T09:29:01+00:00\",\"dateModified\":\"2016-03-24T13:18:49+00:00\",\"description\":\"Kristr\u00f6m Advokatbyr\u00e5 har stor erfarenhet av associationsr\u00e4ttsliga fr\u00e5gest\u00e4llningar och kan guida dig r\u00e4tt oavsett vilken fr\u00e5gest\u00e4llning du tampas med.\",\"breadcrumb\":{\"@id\":\"https:\\\/\\\/kristrom.se\\\/en\\\/areas-of-expertise\\\/corporate-law\\\/#breadcrumb\"},\"inLanguage\":\"en-US\",\"potentialAction\":[{\"@type\":\"ReadAction\",\"target\":[\"https:\\\/\\\/kristrom.se\\\/en\\\/areas-of-expertise\\\/corporate-law\\\/\"]}]},{\"@type\":\"BreadcrumbList\",\"@id\":\"https:\\\/\\\/kristrom.se\\\/en\\\/areas-of-expertise\\\/corporate-law\\\/#breadcrumb\",\"itemListElement\":[{\"@type\":\"ListItem\",\"position\":1,\"name\":\"Hem\",\"item\":\"https:\\\/\\\/kristrom.se\\\/en\\\/\"},{\"@type\":\"ListItem\",\"position\":2,\"name\":\"Areas of Expertise\",\"item\":\"https:\\\/\\\/kristrom.se\\\/en\\\/areas-of-expertise\\\/\"},{\"@type\":\"ListItem\",\"position\":3,\"name\":\"Corporate Law\"}]},{\"@type\":\"WebSite\",\"@id\":\"https:\\\/\\\/kristrom.se\\\/#website\",\"url\":\"https:\\\/\\\/kristrom.se\\\/\",\"name\":\"Kristr\u00f6m Advokatbyr\u00e5\",\"description\":\"\",\"potentialAction\":[{\"@type\":\"SearchAction\",\"target\":{\"@type\":\"EntryPoint\",\"urlTemplate\":\"https:\\\/\\\/kristrom.se\\\/?s={search_term_string}\"},\"query-input\":{\"@type\":\"PropertyValueSpecification\",\"valueRequired\":true,\"valueName\":\"search_term_string\"}}],\"inLanguage\":\"en-US\"}]}<\/script>\n<!-- \/ Yoast SEO plugin. -->","yoast_head_json":{"title":"Corporate Law | Kristr\u00f6m Advokatbyr\u00e5","description":"Kristr\u00f6m Advokatbyr\u00e5 har stor erfarenhet av associationsr\u00e4ttsliga fr\u00e5gest\u00e4llningar och kan guida dig r\u00e4tt oavsett vilken fr\u00e5gest\u00e4llning du tampas med.","robots":{"index":"index","follow":"follow","max-snippet":"max-snippet:-1","max-image-preview":"max-image-preview:large","max-video-preview":"max-video-preview:-1"},"canonical":"https:\/\/kristrom.se\/en\/areas-of-expertise\/corporate-law\/","og_locale":"en_US","og_type":"article","og_title":"Corporate Law | Kristr\u00f6m Advokatbyr\u00e5","og_description":"Kristr\u00f6m Advokatbyr\u00e5 har stor erfarenhet av associationsr\u00e4ttsliga fr\u00e5gest\u00e4llningar och kan guida dig r\u00e4tt oavsett vilken fr\u00e5gest\u00e4llning du tampas med.","og_url":"https:\/\/kristrom.se\/en\/areas-of-expertise\/corporate-law\/","og_site_name":"Kristr\u00f6m Advokatbyr\u00e5","article_modified_time":"2016-03-24T13:18:49+00:00","og_image":[{"url":"https:\/\/kristrom.se\/wp-content\/uploads\/associationratt.jpg","type":"","width":"","height":""}],"twitter_card":"summary_large_image","schema":{"@context":"https:\/\/schema.org","@graph":[{"@type":"WebPage","@id":"https:\/\/kristrom.se\/en\/areas-of-expertise\/corporate-law\/","url":"https:\/\/kristrom.se\/en\/areas-of-expertise\/corporate-law\/","name":"Corporate Law | Kristr\u00f6m Advokatbyr\u00e5","isPartOf":{"@id":"https:\/\/kristrom.se\/#website"},"datePublished":"2015-08-27T09:29:01+00:00","dateModified":"2016-03-24T13:18:49+00:00","description":"Kristr\u00f6m Advokatbyr\u00e5 har stor erfarenhet av associationsr\u00e4ttsliga fr\u00e5gest\u00e4llningar och kan guida dig r\u00e4tt oavsett vilken fr\u00e5gest\u00e4llning du tampas med.","breadcrumb":{"@id":"https:\/\/kristrom.se\/en\/areas-of-expertise\/corporate-law\/#breadcrumb"},"inLanguage":"en-US","potentialAction":[{"@type":"ReadAction","target":["https:\/\/kristrom.se\/en\/areas-of-expertise\/corporate-law\/"]}]},{"@type":"BreadcrumbList","@id":"https:\/\/kristrom.se\/en\/areas-of-expertise\/corporate-law\/#breadcrumb","itemListElement":[{"@type":"ListItem","position":1,"name":"Hem","item":"https:\/\/kristrom.se\/en\/"},{"@type":"ListItem","position":2,"name":"Areas of Expertise","item":"https:\/\/kristrom.se\/en\/areas-of-expertise\/"},{"@type":"ListItem","position":3,"name":"Corporate Law"}]},{"@type":"WebSite","@id":"https:\/\/kristrom.se\/#website","url":"https:\/\/kristrom.se\/","name":"Kristr\u00f6m Advokatbyr\u00e5","description":"","potentialAction":[{"@type":"SearchAction","target":{"@type":"EntryPoint","urlTemplate":"https:\/\/kristrom.se\/?s={search_term_string}"},"query-input":{"@type":"PropertyValueSpecification","valueRequired":true,"valueName":"search_term_string"}}],"inLanguage":"en-US"}]}},"_links":{"self":[{"href":"https:\/\/kristrom.se\/en\/wp-json\/wp\/v2\/pages\/339","targetHints":{"allow":["GET"]}}],"collection":[{"href":"https:\/\/kristrom.se\/en\/wp-json\/wp\/v2\/pages"}],"about":[{"href":"https:\/\/kristrom.se\/en\/wp-json\/wp\/v2\/types\/page"}],"author":[{"embeddable":true,"href":"https:\/\/kristrom.se\/en\/wp-json\/wp\/v2\/users\/5"}],"replies":[{"embeddable":true,"href":"https:\/\/kristrom.se\/en\/wp-json\/wp\/v2\/comments?post=339"}],"version-history":[{"count":3,"href":"https:\/\/kristrom.se\/en\/wp-json\/wp\/v2\/pages\/339\/revisions"}],"predecessor-version":[{"id":403,"href":"https:\/\/kristrom.se\/en\/wp-json\/wp\/v2\/pages\/339\/revisions\/403"}],"up":[{"embeddable":true,"href":"https:\/\/kristrom.se\/en\/wp-json\/wp\/v2\/pages\/335"}],"wp:attachment":[{"href":"https:\/\/kristrom.se\/en\/wp-json\/wp\/v2\/media?parent=339"}],"curies":[{"name":"wp","href":"https:\/\/api.w.org\/{rel}","templated":true}]}}