{"id":341,"date":"2015-09-30T16:12:12","date_gmt":"2015-09-30T14:12:12","guid":{"rendered":"http:\/\/www.kristrom.se\/verksamhetsomraden\/avtals-och-kopratt\/?lang=en"},"modified":"2016-03-24T14:54:26","modified_gmt":"2016-03-24T13:54:26","slug":"contract-law","status":"publish","type":"page","link":"https:\/\/kristrom.se\/en\/areas-of-expertise\/contract-law\/","title":{"rendered":"Contract Law"},"content":{"rendered":"<p><img loading=\"lazy\" decoding=\"async\" class=\"alignnone size-full wp-image-265\" src=\"\/wp-content\/uploads\/avtals_kopratt.jpg\" alt=\"avtals_kopratt\" width=\"1000\" height=\"400\" srcset=\"https:\/\/kristrom.se\/wp-content\/uploads\/avtals_kopratt.jpg 1000w, https:\/\/kristrom.se\/wp-content\/uploads\/avtals_kopratt-500x200.jpg 500w\" sizes=\"auto, (max-width: 1000px) 100vw, 1000px\" \/><\/p>\n<p>Kristr\u00f6m law firm handles contractual matters such as drawing up, reviewing and interpreting contracts within different fields of law. We are experienced and familiar with the applicable standard agreements and customs within various markets and industries.<\/p>\n<p>Contact us to find out more about how we can help you with your situation.<\/p>\n","protected":false},"excerpt":{"rendered":"<p>Kristr\u00f6m law firm handles contractual matters such as drawing up, reviewing and interpreting contracts within different fields of law. We are experienced and familiar with the applicable standard agreements and customs within various markets and industries. Contact us to find out more about how we can help you with your situation.<\/p>\n","protected":false},"author":5,"featured_media":0,"parent":335,"menu_order":0,"comment_status":"closed","ping_status":"closed","template":"","meta":{"_acf_changed":false,"_genesis_hide_title":false,"_genesis_hide_breadcrumbs":false,"_genesis_hide_singular_image":false,"_genesis_hide_footer_widgets":false,"_genesis_custom_body_class":"","_genesis_custom_post_class":"","_genesis_layout":"","footnotes":""},"class_list":{"0":"post-341","1":"page","2":"type-page","3":"status-publish","5":"entry"},"acf":[],"yoast_head":"<!-- This site is optimized with the Yoast SEO plugin v27.6 - https:\/\/yoast.com\/product\/yoast-seo-wordpress\/ -->\n<title>Contract Law | Kristr\u00f6m Advokatbyr\u00e5<\/title>\n<meta name=\"description\" content=\"Vi har vidare stor erfarenhet och \u00e4r v\u00e4l bekanta med g\u00e4llande standard- och branschavtal inom olika omr\u00e5den.\" \/>\n<meta name=\"robots\" content=\"index, follow, max-snippet:-1, max-image-preview:large, max-video-preview:-1\" \/>\n<link rel=\"canonical\" href=\"https:\/\/kristrom.se\/en\/areas-of-expertise\/contract-law\/\" \/>\n<meta property=\"og:locale\" content=\"en_US\" \/>\n<meta property=\"og:type\" content=\"article\" \/>\n<meta property=\"og:title\" content=\"Contract Law | Kristr\u00f6m Advokatbyr\u00e5\" \/>\n<meta property=\"og:description\" content=\"Vi har vidare stor erfarenhet och \u00e4r v\u00e4l bekanta med g\u00e4llande standard- och branschavtal inom olika omr\u00e5den.\" \/>\n<meta property=\"og:url\" content=\"https:\/\/kristrom.se\/en\/areas-of-expertise\/contract-law\/\" \/>\n<meta property=\"og:site_name\" content=\"Kristr\u00f6m Advokatbyr\u00e5\" \/>\n<meta property=\"article:modified_time\" content=\"2016-03-24T13:54:26+00:00\" \/>\n<meta property=\"og:image\" content=\"https:\/\/kristrom.se\/wp-content\/uploads\/avtals_kopratt.jpg\" \/>\n<meta name=\"twitter:card\" content=\"summary_large_image\" \/>\n<script type=\"application\/ld+json\" class=\"yoast-schema-graph\">{\"@context\":\"https:\\\/\\\/schema.org\",\"@graph\":[{\"@type\":\"WebPage\",\"@id\":\"https:\\\/\\\/kristrom.se\\\/en\\\/areas-of-expertise\\\/contract-law\\\/\",\"url\":\"https:\\\/\\\/kristrom.se\\\/en\\\/areas-of-expertise\\\/contract-law\\\/\",\"name\":\"Contract Law | Kristr\u00f6m Advokatbyr\u00e5\",\"isPartOf\":{\"@id\":\"https:\\\/\\\/kristrom.se\\\/#website\"},\"datePublished\":\"2015-09-30T14:12:12+00:00\",\"dateModified\":\"2016-03-24T13:54:26+00:00\",\"description\":\"Vi har vidare stor erfarenhet och \u00e4r v\u00e4l bekanta med g\u00e4llande standard- och branschavtal inom olika omr\u00e5den.\",\"breadcrumb\":{\"@id\":\"https:\\\/\\\/kristrom.se\\\/en\\\/areas-of-expertise\\\/contract-law\\\/#breadcrumb\"},\"inLanguage\":\"en-US\",\"potentialAction\":[{\"@type\":\"ReadAction\",\"target\":[\"https:\\\/\\\/kristrom.se\\\/en\\\/areas-of-expertise\\\/contract-law\\\/\"]}]},{\"@type\":\"BreadcrumbList\",\"@id\":\"https:\\\/\\\/kristrom.se\\\/en\\\/areas-of-expertise\\\/contract-law\\\/#breadcrumb\",\"itemListElement\":[{\"@type\":\"ListItem\",\"position\":1,\"name\":\"Hem\",\"item\":\"https:\\\/\\\/kristrom.se\\\/en\\\/\"},{\"@type\":\"ListItem\",\"position\":2,\"name\":\"Areas of Expertise\",\"item\":\"https:\\\/\\\/kristrom.se\\\/en\\\/areas-of-expertise\\\/\"},{\"@type\":\"ListItem\",\"position\":3,\"name\":\"Contract Law\"}]},{\"@type\":\"WebSite\",\"@id\":\"https:\\\/\\\/kristrom.se\\\/#website\",\"url\":\"https:\\\/\\\/kristrom.se\\\/\",\"name\":\"Kristr\u00f6m Advokatbyr\u00e5\",\"description\":\"\",\"potentialAction\":[{\"@type\":\"SearchAction\",\"target\":{\"@type\":\"EntryPoint\",\"urlTemplate\":\"https:\\\/\\\/kristrom.se\\\/?s={search_term_string}\"},\"query-input\":{\"@type\":\"PropertyValueSpecification\",\"valueRequired\":true,\"valueName\":\"search_term_string\"}}],\"inLanguage\":\"en-US\"}]}<\/script>\n<!-- \/ Yoast SEO plugin. -->","yoast_head_json":{"title":"Contract Law | Kristr\u00f6m Advokatbyr\u00e5","description":"Vi har vidare stor erfarenhet och \u00e4r v\u00e4l bekanta med g\u00e4llande standard- och branschavtal inom olika omr\u00e5den.","robots":{"index":"index","follow":"follow","max-snippet":"max-snippet:-1","max-image-preview":"max-image-preview:large","max-video-preview":"max-video-preview:-1"},"canonical":"https:\/\/kristrom.se\/en\/areas-of-expertise\/contract-law\/","og_locale":"en_US","og_type":"article","og_title":"Contract Law | Kristr\u00f6m Advokatbyr\u00e5","og_description":"Vi har vidare stor erfarenhet och \u00e4r v\u00e4l bekanta med g\u00e4llande standard- och branschavtal inom olika omr\u00e5den.","og_url":"https:\/\/kristrom.se\/en\/areas-of-expertise\/contract-law\/","og_site_name":"Kristr\u00f6m Advokatbyr\u00e5","article_modified_time":"2016-03-24T13:54:26+00:00","og_image":[{"url":"https:\/\/kristrom.se\/wp-content\/uploads\/avtals_kopratt.jpg","type":"","width":"","height":""}],"twitter_card":"summary_large_image","schema":{"@context":"https:\/\/schema.org","@graph":[{"@type":"WebPage","@id":"https:\/\/kristrom.se\/en\/areas-of-expertise\/contract-law\/","url":"https:\/\/kristrom.se\/en\/areas-of-expertise\/contract-law\/","name":"Contract Law | Kristr\u00f6m Advokatbyr\u00e5","isPartOf":{"@id":"https:\/\/kristrom.se\/#website"},"datePublished":"2015-09-30T14:12:12+00:00","dateModified":"2016-03-24T13:54:26+00:00","description":"Vi har vidare stor erfarenhet och \u00e4r v\u00e4l bekanta med g\u00e4llande standard- och branschavtal inom olika omr\u00e5den.","breadcrumb":{"@id":"https:\/\/kristrom.se\/en\/areas-of-expertise\/contract-law\/#breadcrumb"},"inLanguage":"en-US","potentialAction":[{"@type":"ReadAction","target":["https:\/\/kristrom.se\/en\/areas-of-expertise\/contract-law\/"]}]},{"@type":"BreadcrumbList","@id":"https:\/\/kristrom.se\/en\/areas-of-expertise\/contract-law\/#breadcrumb","itemListElement":[{"@type":"ListItem","position":1,"name":"Hem","item":"https:\/\/kristrom.se\/en\/"},{"@type":"ListItem","position":2,"name":"Areas of Expertise","item":"https:\/\/kristrom.se\/en\/areas-of-expertise\/"},{"@type":"ListItem","position":3,"name":"Contract Law"}]},{"@type":"WebSite","@id":"https:\/\/kristrom.se\/#website","url":"https:\/\/kristrom.se\/","name":"Kristr\u00f6m Advokatbyr\u00e5","description":"","potentialAction":[{"@type":"SearchAction","target":{"@type":"EntryPoint","urlTemplate":"https:\/\/kristrom.se\/?s={search_term_string}"},"query-input":{"@type":"PropertyValueSpecification","valueRequired":true,"valueName":"search_term_string"}}],"inLanguage":"en-US"}]}},"_links":{"self":[{"href":"https:\/\/kristrom.se\/en\/wp-json\/wp\/v2\/pages\/341","targetHints":{"allow":["GET"]}}],"collection":[{"href":"https:\/\/kristrom.se\/en\/wp-json\/wp\/v2\/pages"}],"about":[{"href":"https:\/\/kristrom.se\/en\/wp-json\/wp\/v2\/types\/page"}],"author":[{"embeddable":true,"href":"https:\/\/kristrom.se\/en\/wp-json\/wp\/v2\/users\/5"}],"replies":[{"embeddable":true,"href":"https:\/\/kristrom.se\/en\/wp-json\/wp\/v2\/comments?post=341"}],"version-history":[{"count":2,"href":"https:\/\/kristrom.se\/en\/wp-json\/wp\/v2\/pages\/341\/revisions"}],"predecessor-version":[{"id":372,"href":"https:\/\/kristrom.se\/en\/wp-json\/wp\/v2\/pages\/341\/revisions\/372"}],"up":[{"embeddable":true,"href":"https:\/\/kristrom.se\/en\/wp-json\/wp\/v2\/pages\/335"}],"wp:attachment":[{"href":"https:\/\/kristrom.se\/en\/wp-json\/wp\/v2\/media?parent=341"}],"curies":[{"name":"wp","href":"https:\/\/api.w.org\/{rel}","templated":true}]}}