{"id":343,"date":"2015-08-27T11:25:39","date_gmt":"2015-08-27T09:25:39","guid":{"rendered":"http:\/\/www.kristrom.se\/verksamhetsomraden\/brottmal\/?lang=en"},"modified":"2017-10-18T14:56:45","modified_gmt":"2017-10-18T12:56:45","slug":"criminal-law","status":"publish","type":"page","link":"https:\/\/kristrom.se\/en\/areas-of-expertise\/criminal-law\/","title":{"rendered":"Criminal Law"},"content":{"rendered":"<p><img loading=\"lazy\" decoding=\"async\" class=\"alignnone size-full wp-image-559\" src=\"https:\/\/www.kristrom.se\/wp-content\/uploads\/kristrom-5.png\" alt=\"\" width=\"1000\" height=\"400\" srcset=\"https:\/\/kristrom.se\/wp-content\/uploads\/kristrom-5.png 1000w, https:\/\/kristrom.se\/wp-content\/uploads\/kristrom-5-500x200.png 500w, https:\/\/kristrom.se\/wp-content\/uploads\/kristrom-5-768x307.png 768w\" sizes=\"auto, (max-width: 1000px) 100vw, 1000px\" \/><\/p>\n<p>Several of our lawyers at Kristr\u00f6m law firm are frequently hired as criminal defense attorneys. Our attorneys have represented clients in several major high-profile criminal proceedings during the last few years.<\/p>\n<p><strong>Are you suspected of a crime?<\/strong><\/p>\n<p>Anyone who is suspected of a crime is in most cases entitled to a public defender.<\/p>\n<p>It is important to know that:<\/p>\n<ul>\n<li>You should not participate in a police interrogation without first discussing the matter with a lawyer<\/li>\n<li>You always have the right to have a lawyer present during police interrogation<\/li>\n<li>If you have been summoned by the police for interrogation you should contact the police and tell them that you want a certain lawyer as your public defender. We can handle the contact with the police or prosecutors for you.<\/li>\n<\/ul>\n<p><strong>Why you should let us help you<\/strong><\/p>\n<p>Our defense attorneys with vast experience of court proceedings and hearings know how to utilize your rights in the best way. We guarantee you a very constructive defense, not only at trial but also during the ongoing investigation.<\/p>\n<p>We offer legal expertise with an understanding that you may find yourself in a difficult situation and we know how important it is that you choose a strong legal team that promotes your rights in the best way possible.<\/p>\n<p>Our services in criminal cases include:<\/p>\n<p>&#8211; Public defense assignments<\/p>\n<p>&#8211; Private defense assignments<\/p>\n<p>&#8211; Legal counsel for the injured party<\/p>\n","protected":false},"excerpt":{"rendered":"<p>Several of our lawyers at Kristr\u00f6m law firm are frequently hired as criminal defense attorneys. Our attorneys have represented clients in several major high-profile criminal proceedings during the last few years. Are you suspected of a crime? Anyone who is suspected of a crime is in most cases entitled to a public defender. It is&#8230; <\/p>\n<p><a href=\"https:\/\/kristrom.se\/en\/areas-of-expertise\/criminal-law\/\" rel=\"nofollow\">L\u00e4s mer \u00bb<\/a><\/p>\n","protected":false},"author":5,"featured_media":0,"parent":335,"menu_order":0,"comment_status":"closed","ping_status":"closed","template":"","meta":{"_acf_changed":false,"_genesis_hide_title":false,"_genesis_hide_breadcrumbs":false,"_genesis_hide_singular_image":false,"_genesis_hide_footer_widgets":false,"_genesis_custom_body_class":"","_genesis_custom_post_class":"","_genesis_layout":"","footnotes":""},"class_list":{"0":"post-343","1":"page","2":"type-page","3":"status-publish","5":"entry"},"acf":[],"yoast_head":"<!-- This site is optimized with the Yoast SEO plugin v27.4 - https:\/\/yoast.com\/product\/yoast-seo-wordpress\/ -->\n<title>Criminal Law | Kristr\u00f6m Advokatbyr\u00e5<\/title>\n<meta name=\"description\" content=\"P\u00e5 Kristr\u00f6m Advokatbyr\u00e5 \u00e4r ett flertal advokater flitigt anlitade som f\u00f6rsvarsadvokater.\" \/>\n<meta name=\"robots\" content=\"index, follow, max-snippet:-1, max-image-preview:large, max-video-preview:-1\" \/>\n<link rel=\"canonical\" href=\"https:\/\/kristrom.se\/en\/areas-of-expertise\/criminal-law\/\" \/>\n<meta property=\"og:locale\" content=\"en_US\" \/>\n<meta property=\"og:type\" content=\"article\" \/>\n<meta property=\"og:title\" content=\"Criminal Law | Kristr\u00f6m Advokatbyr\u00e5\" \/>\n<meta property=\"og:description\" content=\"P\u00e5 Kristr\u00f6m Advokatbyr\u00e5 \u00e4r ett flertal advokater flitigt anlitade som f\u00f6rsvarsadvokater.\" \/>\n<meta property=\"og:url\" content=\"https:\/\/kristrom.se\/en\/areas-of-expertise\/criminal-law\/\" \/>\n<meta property=\"og:site_name\" content=\"Kristr\u00f6m Advokatbyr\u00e5\" \/>\n<meta property=\"article:modified_time\" content=\"2017-10-18T12:56:45+00:00\" \/>\n<meta property=\"og:image\" content=\"https:\/\/www.kristrom.se\/wp-content\/uploads\/kristrom-5.png\" \/>\n<meta name=\"twitter:card\" content=\"summary_large_image\" \/>\n<meta name=\"twitter:label1\" content=\"Est. reading time\" \/>\n\t<meta name=\"twitter:data1\" content=\"1 minute\" \/>\n<script type=\"application\/ld+json\" class=\"yoast-schema-graph\">{\"@context\":\"https:\\\/\\\/schema.org\",\"@graph\":[{\"@type\":\"WebPage\",\"@id\":\"https:\\\/\\\/kristrom.se\\\/en\\\/areas-of-expertise\\\/criminal-law\\\/\",\"url\":\"https:\\\/\\\/kristrom.se\\\/en\\\/areas-of-expertise\\\/criminal-law\\\/\",\"name\":\"Criminal Law | Kristr\u00f6m Advokatbyr\u00e5\",\"isPartOf\":{\"@id\":\"https:\\\/\\\/kristrom.se\\\/#website\"},\"primaryImageOfPage\":{\"@id\":\"https:\\\/\\\/kristrom.se\\\/en\\\/areas-of-expertise\\\/criminal-law\\\/#primaryimage\"},\"image\":{\"@id\":\"https:\\\/\\\/kristrom.se\\\/en\\\/areas-of-expertise\\\/criminal-law\\\/#primaryimage\"},\"thumbnailUrl\":\"https:\\\/\\\/www.kristrom.se\\\/wp-content\\\/uploads\\\/kristrom-5.png\",\"datePublished\":\"2015-08-27T09:25:39+00:00\",\"dateModified\":\"2017-10-18T12:56:45+00:00\",\"description\":\"P\u00e5 Kristr\u00f6m Advokatbyr\u00e5 \u00e4r ett flertal advokater flitigt anlitade som f\u00f6rsvarsadvokater.\",\"breadcrumb\":{\"@id\":\"https:\\\/\\\/kristrom.se\\\/en\\\/areas-of-expertise\\\/criminal-law\\\/#breadcrumb\"},\"inLanguage\":\"en-US\",\"potentialAction\":[{\"@type\":\"ReadAction\",\"target\":[\"https:\\\/\\\/kristrom.se\\\/en\\\/areas-of-expertise\\\/criminal-law\\\/\"]}]},{\"@type\":\"ImageObject\",\"inLanguage\":\"en-US\",\"@id\":\"https:\\\/\\\/kristrom.se\\\/en\\\/areas-of-expertise\\\/criminal-law\\\/#primaryimage\",\"url\":\"https:\\\/\\\/www.kristrom.se\\\/wp-content\\\/uploads\\\/kristrom-5.png\",\"contentUrl\":\"https:\\\/\\\/www.kristrom.se\\\/wp-content\\\/uploads\\\/kristrom-5.png\"},{\"@type\":\"BreadcrumbList\",\"@id\":\"https:\\\/\\\/kristrom.se\\\/en\\\/areas-of-expertise\\\/criminal-law\\\/#breadcrumb\",\"itemListElement\":[{\"@type\":\"ListItem\",\"position\":1,\"name\":\"Hem\",\"item\":\"https:\\\/\\\/kristrom.se\\\/en\\\/\"},{\"@type\":\"ListItem\",\"position\":2,\"name\":\"Areas of Expertise\",\"item\":\"https:\\\/\\\/kristrom.se\\\/en\\\/areas-of-expertise\\\/\"},{\"@type\":\"ListItem\",\"position\":3,\"name\":\"Criminal Law\"}]},{\"@type\":\"WebSite\",\"@id\":\"https:\\\/\\\/kristrom.se\\\/#website\",\"url\":\"https:\\\/\\\/kristrom.se\\\/\",\"name\":\"Kristr\u00f6m Advokatbyr\u00e5\",\"description\":\"\",\"potentialAction\":[{\"@type\":\"SearchAction\",\"target\":{\"@type\":\"EntryPoint\",\"urlTemplate\":\"https:\\\/\\\/kristrom.se\\\/?s={search_term_string}\"},\"query-input\":{\"@type\":\"PropertyValueSpecification\",\"valueRequired\":true,\"valueName\":\"search_term_string\"}}],\"inLanguage\":\"en-US\"}]}<\/script>\n<!-- \/ Yoast SEO plugin. -->","yoast_head_json":{"title":"Criminal Law | Kristr\u00f6m Advokatbyr\u00e5","description":"P\u00e5 Kristr\u00f6m Advokatbyr\u00e5 \u00e4r ett flertal advokater flitigt anlitade som f\u00f6rsvarsadvokater.","robots":{"index":"index","follow":"follow","max-snippet":"max-snippet:-1","max-image-preview":"max-image-preview:large","max-video-preview":"max-video-preview:-1"},"canonical":"https:\/\/kristrom.se\/en\/areas-of-expertise\/criminal-law\/","og_locale":"en_US","og_type":"article","og_title":"Criminal Law | Kristr\u00f6m Advokatbyr\u00e5","og_description":"P\u00e5 Kristr\u00f6m Advokatbyr\u00e5 \u00e4r ett flertal advokater flitigt anlitade som f\u00f6rsvarsadvokater.","og_url":"https:\/\/kristrom.se\/en\/areas-of-expertise\/criminal-law\/","og_site_name":"Kristr\u00f6m Advokatbyr\u00e5","article_modified_time":"2017-10-18T12:56:45+00:00","og_image":[{"url":"https:\/\/www.kristrom.se\/wp-content\/uploads\/kristrom-5.png","type":"","width":"","height":""}],"twitter_card":"summary_large_image","twitter_misc":{"Est. reading time":"1 minute"},"schema":{"@context":"https:\/\/schema.org","@graph":[{"@type":"WebPage","@id":"https:\/\/kristrom.se\/en\/areas-of-expertise\/criminal-law\/","url":"https:\/\/kristrom.se\/en\/areas-of-expertise\/criminal-law\/","name":"Criminal Law | Kristr\u00f6m Advokatbyr\u00e5","isPartOf":{"@id":"https:\/\/kristrom.se\/#website"},"primaryImageOfPage":{"@id":"https:\/\/kristrom.se\/en\/areas-of-expertise\/criminal-law\/#primaryimage"},"image":{"@id":"https:\/\/kristrom.se\/en\/areas-of-expertise\/criminal-law\/#primaryimage"},"thumbnailUrl":"https:\/\/www.kristrom.se\/wp-content\/uploads\/kristrom-5.png","datePublished":"2015-08-27T09:25:39+00:00","dateModified":"2017-10-18T12:56:45+00:00","description":"P\u00e5 Kristr\u00f6m Advokatbyr\u00e5 \u00e4r ett flertal advokater flitigt anlitade som f\u00f6rsvarsadvokater.","breadcrumb":{"@id":"https:\/\/kristrom.se\/en\/areas-of-expertise\/criminal-law\/#breadcrumb"},"inLanguage":"en-US","potentialAction":[{"@type":"ReadAction","target":["https:\/\/kristrom.se\/en\/areas-of-expertise\/criminal-law\/"]}]},{"@type":"ImageObject","inLanguage":"en-US","@id":"https:\/\/kristrom.se\/en\/areas-of-expertise\/criminal-law\/#primaryimage","url":"https:\/\/www.kristrom.se\/wp-content\/uploads\/kristrom-5.png","contentUrl":"https:\/\/www.kristrom.se\/wp-content\/uploads\/kristrom-5.png"},{"@type":"BreadcrumbList","@id":"https:\/\/kristrom.se\/en\/areas-of-expertise\/criminal-law\/#breadcrumb","itemListElement":[{"@type":"ListItem","position":1,"name":"Hem","item":"https:\/\/kristrom.se\/en\/"},{"@type":"ListItem","position":2,"name":"Areas of Expertise","item":"https:\/\/kristrom.se\/en\/areas-of-expertise\/"},{"@type":"ListItem","position":3,"name":"Criminal Law"}]},{"@type":"WebSite","@id":"https:\/\/kristrom.se\/#website","url":"https:\/\/kristrom.se\/","name":"Kristr\u00f6m Advokatbyr\u00e5","description":"","potentialAction":[{"@type":"SearchAction","target":{"@type":"EntryPoint","urlTemplate":"https:\/\/kristrom.se\/?s={search_term_string}"},"query-input":{"@type":"PropertyValueSpecification","valueRequired":true,"valueName":"search_term_string"}}],"inLanguage":"en-US"}]}},"_links":{"self":[{"href":"https:\/\/kristrom.se\/en\/wp-json\/wp\/v2\/pages\/343","targetHints":{"allow":["GET"]}}],"collection":[{"href":"https:\/\/kristrom.se\/en\/wp-json\/wp\/v2\/pages"}],"about":[{"href":"https:\/\/kristrom.se\/en\/wp-json\/wp\/v2\/types\/page"}],"author":[{"embeddable":true,"href":"https:\/\/kristrom.se\/en\/wp-json\/wp\/v2\/users\/5"}],"replies":[{"embeddable":true,"href":"https:\/\/kristrom.se\/en\/wp-json\/wp\/v2\/comments?post=343"}],"version-history":[{"count":3,"href":"https:\/\/kristrom.se\/en\/wp-json\/wp\/v2\/pages\/343\/revisions"}],"predecessor-version":[{"id":573,"href":"https:\/\/kristrom.se\/en\/wp-json\/wp\/v2\/pages\/343\/revisions\/573"}],"up":[{"embeddable":true,"href":"https:\/\/kristrom.se\/en\/wp-json\/wp\/v2\/pages\/335"}],"wp:attachment":[{"href":"https:\/\/kristrom.se\/en\/wp-json\/wp\/v2\/media?parent=343"}],"curies":[{"name":"wp","href":"https:\/\/api.w.org\/{rel}","templated":true}]}}