{"id":345,"date":"2015-08-27T14:11:51","date_gmt":"2015-08-27T12:11:51","guid":{"rendered":"http:\/\/www.kristrom.se\/verksamhetsomraden\/fastighet-och-entreprenad\/?lang=en"},"modified":"2017-10-20T15:24:38","modified_gmt":"2017-10-20T13:24:38","slug":"real-estate-construction-law","status":"publish","type":"page","link":"https:\/\/kristrom.se\/en\/areas-of-expertise\/real-estate-construction-law\/","title":{"rendered":"Real Estate &#038; Construction Law"},"content":{"rendered":"<p><img loading=\"lazy\" decoding=\"async\" class=\"alignnone size-full wp-image-576\" src=\"https:\/\/www.kristrom.se\/wp-content\/uploads\/fastighetochentreprenad.png\" alt=\"\" width=\"1000\" height=\"400\" srcset=\"https:\/\/kristrom.se\/wp-content\/uploads\/fastighetochentreprenad.png 1000w, https:\/\/kristrom.se\/wp-content\/uploads\/fastighetochentreprenad-500x200.png 500w, https:\/\/kristrom.se\/wp-content\/uploads\/fastighetochentreprenad-768x307.png 768w\" sizes=\"auto, (max-width: 1000px) 100vw, 1000px\" \/><\/p>\n<p>Construction is a complex process, regardless if it is the construction of a single-family house or an entire residential area. Construction and planning processes requires both technical and legal expertise. Construction and real estate law is and has always been one of the core areas of expertise of Kristr\u00f6m Law Firm.<\/p>\n<p>We advice contractors, consultants, surveyors, buyers and sellers as well as real estate agents with legal counsel on all matters that may arise in these areas.<\/p>\n<p>Contact us with your questions and concerns, and together we will discuss how we can give you the best help possible.<\/p>\n","protected":false},"excerpt":{"rendered":"<p>Construction is a complex process, regardless if it is the construction of a single-family house or an entire residential area. Construction and planning processes requires both technical and legal expertise. Construction and real estate law is and has always been one of the core areas of expertise of Kristr\u00f6m Law Firm. We advice contractors, consultants,&#8230; <\/p>\n<p><a href=\"https:\/\/kristrom.se\/en\/areas-of-expertise\/real-estate-construction-law\/\" rel=\"nofollow\">L\u00e4s mer \u00bb<\/a><\/p>\n","protected":false},"author":5,"featured_media":0,"parent":335,"menu_order":0,"comment_status":"closed","ping_status":"closed","template":"","meta":{"_acf_changed":false,"_genesis_hide_title":false,"_genesis_hide_breadcrumbs":false,"_genesis_hide_singular_image":false,"_genesis_hide_footer_widgets":false,"_genesis_custom_body_class":"","_genesis_custom_post_class":"","_genesis_layout":"","footnotes":""},"class_list":{"0":"post-345","1":"page","2":"type-page","3":"status-publish","5":"entry"},"acf":[],"yoast_head":"<!-- This site is optimized with the Yoast SEO plugin v27.4 - https:\/\/yoast.com\/product\/yoast-seo-wordpress\/ -->\n<title>Real Estate &amp; Construction Law | Kristr\u00f6m Advokatbyr\u00e5<\/title>\n<meta name=\"description\" content=\"V\u00e5ra uppdragsgivare \u00e4r s\u00e5v\u00e4l stora akt\u00f6rer i byggbranschen och p\u00e5 fastighetsmarknaden som den enskilde privatpersonen som oroar sig \u00f6ver n\u00e5got i grannskapet\" \/>\n<meta name=\"robots\" content=\"index, follow, max-snippet:-1, max-image-preview:large, max-video-preview:-1\" \/>\n<link rel=\"canonical\" href=\"https:\/\/kristrom.se\/en\/areas-of-expertise\/real-estate-construction-law\/\" \/>\n<meta property=\"og:locale\" content=\"en_US\" \/>\n<meta property=\"og:type\" content=\"article\" \/>\n<meta property=\"og:title\" content=\"Real Estate &amp; Construction Law | Kristr\u00f6m Advokatbyr\u00e5\" \/>\n<meta property=\"og:description\" content=\"V\u00e5ra uppdragsgivare \u00e4r s\u00e5v\u00e4l stora akt\u00f6rer i byggbranschen och p\u00e5 fastighetsmarknaden som den enskilde privatpersonen som oroar sig \u00f6ver n\u00e5got i grannskapet\" \/>\n<meta property=\"og:url\" content=\"https:\/\/kristrom.se\/en\/areas-of-expertise\/real-estate-construction-law\/\" \/>\n<meta property=\"og:site_name\" content=\"Kristr\u00f6m Advokatbyr\u00e5\" \/>\n<meta property=\"article:modified_time\" content=\"2017-10-20T13:24:38+00:00\" \/>\n<meta property=\"og:image\" content=\"https:\/\/www.kristrom.se\/wp-content\/uploads\/fastighetochentreprenad.png\" \/>\n<meta name=\"twitter:card\" content=\"summary_large_image\" \/>\n<script type=\"application\/ld+json\" class=\"yoast-schema-graph\">{\"@context\":\"https:\\\/\\\/schema.org\",\"@graph\":[{\"@type\":\"WebPage\",\"@id\":\"https:\\\/\\\/kristrom.se\\\/en\\\/areas-of-expertise\\\/real-estate-construction-law\\\/\",\"url\":\"https:\\\/\\\/kristrom.se\\\/en\\\/areas-of-expertise\\\/real-estate-construction-law\\\/\",\"name\":\"Real Estate & Construction Law | Kristr\u00f6m Advokatbyr\u00e5\",\"isPartOf\":{\"@id\":\"https:\\\/\\\/kristrom.se\\\/#website\"},\"primaryImageOfPage\":{\"@id\":\"https:\\\/\\\/kristrom.se\\\/en\\\/areas-of-expertise\\\/real-estate-construction-law\\\/#primaryimage\"},\"image\":{\"@id\":\"https:\\\/\\\/kristrom.se\\\/en\\\/areas-of-expertise\\\/real-estate-construction-law\\\/#primaryimage\"},\"thumbnailUrl\":\"https:\\\/\\\/www.kristrom.se\\\/wp-content\\\/uploads\\\/fastighetochentreprenad.png\",\"datePublished\":\"2015-08-27T12:11:51+00:00\",\"dateModified\":\"2017-10-20T13:24:38+00:00\",\"description\":\"V\u00e5ra uppdragsgivare \u00e4r s\u00e5v\u00e4l stora akt\u00f6rer i byggbranschen och p\u00e5 fastighetsmarknaden som den enskilde privatpersonen som oroar sig \u00f6ver n\u00e5got i grannskapet\",\"breadcrumb\":{\"@id\":\"https:\\\/\\\/kristrom.se\\\/en\\\/areas-of-expertise\\\/real-estate-construction-law\\\/#breadcrumb\"},\"inLanguage\":\"en-US\",\"potentialAction\":[{\"@type\":\"ReadAction\",\"target\":[\"https:\\\/\\\/kristrom.se\\\/en\\\/areas-of-expertise\\\/real-estate-construction-law\\\/\"]}]},{\"@type\":\"ImageObject\",\"inLanguage\":\"en-US\",\"@id\":\"https:\\\/\\\/kristrom.se\\\/en\\\/areas-of-expertise\\\/real-estate-construction-law\\\/#primaryimage\",\"url\":\"https:\\\/\\\/www.kristrom.se\\\/wp-content\\\/uploads\\\/fastighetochentreprenad.png\",\"contentUrl\":\"https:\\\/\\\/www.kristrom.se\\\/wp-content\\\/uploads\\\/fastighetochentreprenad.png\"},{\"@type\":\"BreadcrumbList\",\"@id\":\"https:\\\/\\\/kristrom.se\\\/en\\\/areas-of-expertise\\\/real-estate-construction-law\\\/#breadcrumb\",\"itemListElement\":[{\"@type\":\"ListItem\",\"position\":1,\"name\":\"Hem\",\"item\":\"https:\\\/\\\/kristrom.se\\\/en\\\/\"},{\"@type\":\"ListItem\",\"position\":2,\"name\":\"Areas of Expertise\",\"item\":\"https:\\\/\\\/kristrom.se\\\/en\\\/areas-of-expertise\\\/\"},{\"@type\":\"ListItem\",\"position\":3,\"name\":\"Real Estate &#038; Construction Law\"}]},{\"@type\":\"WebSite\",\"@id\":\"https:\\\/\\\/kristrom.se\\\/#website\",\"url\":\"https:\\\/\\\/kristrom.se\\\/\",\"name\":\"Kristr\u00f6m Advokatbyr\u00e5\",\"description\":\"\",\"potentialAction\":[{\"@type\":\"SearchAction\",\"target\":{\"@type\":\"EntryPoint\",\"urlTemplate\":\"https:\\\/\\\/kristrom.se\\\/?s={search_term_string}\"},\"query-input\":{\"@type\":\"PropertyValueSpecification\",\"valueRequired\":true,\"valueName\":\"search_term_string\"}}],\"inLanguage\":\"en-US\"}]}<\/script>\n<!-- \/ Yoast SEO plugin. -->","yoast_head_json":{"title":"Real Estate & Construction Law | Kristr\u00f6m Advokatbyr\u00e5","description":"V\u00e5ra uppdragsgivare \u00e4r s\u00e5v\u00e4l stora akt\u00f6rer i byggbranschen och p\u00e5 fastighetsmarknaden som den enskilde privatpersonen som oroar sig \u00f6ver n\u00e5got i grannskapet","robots":{"index":"index","follow":"follow","max-snippet":"max-snippet:-1","max-image-preview":"max-image-preview:large","max-video-preview":"max-video-preview:-1"},"canonical":"https:\/\/kristrom.se\/en\/areas-of-expertise\/real-estate-construction-law\/","og_locale":"en_US","og_type":"article","og_title":"Real Estate & Construction Law | Kristr\u00f6m Advokatbyr\u00e5","og_description":"V\u00e5ra uppdragsgivare \u00e4r s\u00e5v\u00e4l stora akt\u00f6rer i byggbranschen och p\u00e5 fastighetsmarknaden som den enskilde privatpersonen som oroar sig \u00f6ver n\u00e5got i grannskapet","og_url":"https:\/\/kristrom.se\/en\/areas-of-expertise\/real-estate-construction-law\/","og_site_name":"Kristr\u00f6m Advokatbyr\u00e5","article_modified_time":"2017-10-20T13:24:38+00:00","og_image":[{"url":"https:\/\/www.kristrom.se\/wp-content\/uploads\/fastighetochentreprenad.png","type":"","width":"","height":""}],"twitter_card":"summary_large_image","schema":{"@context":"https:\/\/schema.org","@graph":[{"@type":"WebPage","@id":"https:\/\/kristrom.se\/en\/areas-of-expertise\/real-estate-construction-law\/","url":"https:\/\/kristrom.se\/en\/areas-of-expertise\/real-estate-construction-law\/","name":"Real Estate & Construction Law | Kristr\u00f6m Advokatbyr\u00e5","isPartOf":{"@id":"https:\/\/kristrom.se\/#website"},"primaryImageOfPage":{"@id":"https:\/\/kristrom.se\/en\/areas-of-expertise\/real-estate-construction-law\/#primaryimage"},"image":{"@id":"https:\/\/kristrom.se\/en\/areas-of-expertise\/real-estate-construction-law\/#primaryimage"},"thumbnailUrl":"https:\/\/www.kristrom.se\/wp-content\/uploads\/fastighetochentreprenad.png","datePublished":"2015-08-27T12:11:51+00:00","dateModified":"2017-10-20T13:24:38+00:00","description":"V\u00e5ra uppdragsgivare \u00e4r s\u00e5v\u00e4l stora akt\u00f6rer i byggbranschen och p\u00e5 fastighetsmarknaden som den enskilde privatpersonen som oroar sig \u00f6ver n\u00e5got i grannskapet","breadcrumb":{"@id":"https:\/\/kristrom.se\/en\/areas-of-expertise\/real-estate-construction-law\/#breadcrumb"},"inLanguage":"en-US","potentialAction":[{"@type":"ReadAction","target":["https:\/\/kristrom.se\/en\/areas-of-expertise\/real-estate-construction-law\/"]}]},{"@type":"ImageObject","inLanguage":"en-US","@id":"https:\/\/kristrom.se\/en\/areas-of-expertise\/real-estate-construction-law\/#primaryimage","url":"https:\/\/www.kristrom.se\/wp-content\/uploads\/fastighetochentreprenad.png","contentUrl":"https:\/\/www.kristrom.se\/wp-content\/uploads\/fastighetochentreprenad.png"},{"@type":"BreadcrumbList","@id":"https:\/\/kristrom.se\/en\/areas-of-expertise\/real-estate-construction-law\/#breadcrumb","itemListElement":[{"@type":"ListItem","position":1,"name":"Hem","item":"https:\/\/kristrom.se\/en\/"},{"@type":"ListItem","position":2,"name":"Areas of Expertise","item":"https:\/\/kristrom.se\/en\/areas-of-expertise\/"},{"@type":"ListItem","position":3,"name":"Real Estate &#038; Construction Law"}]},{"@type":"WebSite","@id":"https:\/\/kristrom.se\/#website","url":"https:\/\/kristrom.se\/","name":"Kristr\u00f6m Advokatbyr\u00e5","description":"","potentialAction":[{"@type":"SearchAction","target":{"@type":"EntryPoint","urlTemplate":"https:\/\/kristrom.se\/?s={search_term_string}"},"query-input":{"@type":"PropertyValueSpecification","valueRequired":true,"valueName":"search_term_string"}}],"inLanguage":"en-US"}]}},"_links":{"self":[{"href":"https:\/\/kristrom.se\/en\/wp-json\/wp\/v2\/pages\/345","targetHints":{"allow":["GET"]}}],"collection":[{"href":"https:\/\/kristrom.se\/en\/wp-json\/wp\/v2\/pages"}],"about":[{"href":"https:\/\/kristrom.se\/en\/wp-json\/wp\/v2\/types\/page"}],"author":[{"embeddable":true,"href":"https:\/\/kristrom.se\/en\/wp-json\/wp\/v2\/users\/5"}],"replies":[{"embeddable":true,"href":"https:\/\/kristrom.se\/en\/wp-json\/wp\/v2\/comments?post=345"}],"version-history":[{"count":4,"href":"https:\/\/kristrom.se\/en\/wp-json\/wp\/v2\/pages\/345\/revisions"}],"predecessor-version":[{"id":586,"href":"https:\/\/kristrom.se\/en\/wp-json\/wp\/v2\/pages\/345\/revisions\/586"}],"up":[{"embeddable":true,"href":"https:\/\/kristrom.se\/en\/wp-json\/wp\/v2\/pages\/335"}],"wp:attachment":[{"href":"https:\/\/kristrom.se\/en\/wp-json\/wp\/v2\/media?parent=345"}],"curies":[{"name":"wp","href":"https:\/\/api.w.org\/{rel}","templated":true}]}}