{"id":347,"date":"2015-08-27T14:26:06","date_gmt":"2015-08-27T12:26:06","guid":{"rendered":"http:\/\/www.kristrom.se\/verksamhetsomraden\/foretagstransaktioner\/?lang=en"},"modified":"2017-10-20T15:25:55","modified_gmt":"2017-10-20T13:25:55","slug":"mergers-and-acquisitions","status":"publish","type":"page","link":"https:\/\/kristrom.se\/en\/areas-of-expertise\/mergers-and-acquisitions\/","title":{"rendered":"Mergers and Acquisitions"},"content":{"rendered":"<p><img loading=\"lazy\" decoding=\"async\" class=\"alignnone size-full wp-image-578\" src=\"https:\/\/www.kristrom.se\/wp-content\/uploads\/foretagstransaktioner.png\" alt=\"\" width=\"1000\" height=\"400\" srcset=\"https:\/\/kristrom.se\/wp-content\/uploads\/foretagstransaktioner.png 1000w, https:\/\/kristrom.se\/wp-content\/uploads\/foretagstransaktioner-500x200.png 500w, https:\/\/kristrom.se\/wp-content\/uploads\/foretagstransaktioner-768x307.png 768w\" sizes=\"auto, (max-width: 1000px) 100vw, 1000px\" \/><\/p>\n<p>Mergers and acquisitions are complicated transactions that require a great amount of legal skills.<\/p>\n<p>Kristr\u00f6m Law Firm has overseen a multitude of mergers and acquisitions with both Swedish and international companies in various industries. Thanks to our experience and deep knowledge we will help you complete a secure business transaction.<\/p>\n","protected":false},"excerpt":{"rendered":"<p>Mergers and acquisitions are complicated transactions that require a great amount of legal skills. Kristr\u00f6m Law Firm has overseen a multitude of mergers and acquisitions with both Swedish and international companies in various industries. Thanks to our experience and deep knowledge we will help you complete a secure business transaction.<\/p>\n","protected":false},"author":5,"featured_media":0,"parent":335,"menu_order":0,"comment_status":"closed","ping_status":"closed","template":"","meta":{"_acf_changed":false,"_genesis_hide_title":false,"_genesis_hide_breadcrumbs":false,"_genesis_hide_singular_image":false,"_genesis_hide_footer_widgets":false,"_genesis_custom_body_class":"","_genesis_custom_post_class":"","_genesis_layout":"","footnotes":""},"class_list":{"0":"post-347","1":"page","2":"type-page","3":"status-publish","5":"entry"},"acf":[],"yoast_head":"<!-- This site is optimized with the Yoast SEO plugin v27.4 - https:\/\/yoast.com\/product\/yoast-seo-wordpress\/ -->\n<title>Mergers and Acquisitions | Kristr\u00f6m Advokatbyr\u00e5<\/title>\n<meta name=\"description\" content=\"F\u00f6retagsf\u00f6rv\u00e4rv av olika slag eller samg\u00e5enden \u00e4r ofta komplexa transaktioner som st\u00e4ller h\u00f6ga krav p\u00e5 juridisk kompetens.\" \/>\n<meta name=\"robots\" content=\"index, follow, max-snippet:-1, max-image-preview:large, max-video-preview:-1\" \/>\n<link rel=\"canonical\" href=\"https:\/\/kristrom.se\/en\/areas-of-expertise\/mergers-and-acquisitions\/\" \/>\n<meta property=\"og:locale\" content=\"en_US\" \/>\n<meta property=\"og:type\" content=\"article\" \/>\n<meta property=\"og:title\" content=\"Mergers and Acquisitions | Kristr\u00f6m Advokatbyr\u00e5\" \/>\n<meta property=\"og:description\" content=\"F\u00f6retagsf\u00f6rv\u00e4rv av olika slag eller samg\u00e5enden \u00e4r ofta komplexa transaktioner som st\u00e4ller h\u00f6ga krav p\u00e5 juridisk kompetens.\" \/>\n<meta property=\"og:url\" content=\"https:\/\/kristrom.se\/en\/areas-of-expertise\/mergers-and-acquisitions\/\" \/>\n<meta property=\"og:site_name\" content=\"Kristr\u00f6m Advokatbyr\u00e5\" \/>\n<meta property=\"article:modified_time\" content=\"2017-10-20T13:25:55+00:00\" \/>\n<meta property=\"og:image\" content=\"https:\/\/www.kristrom.se\/wp-content\/uploads\/foretagstransaktioner.png\" \/>\n<meta name=\"twitter:card\" content=\"summary_large_image\" \/>\n<script type=\"application\/ld+json\" class=\"yoast-schema-graph\">{\"@context\":\"https:\\\/\\\/schema.org\",\"@graph\":[{\"@type\":\"WebPage\",\"@id\":\"https:\\\/\\\/kristrom.se\\\/en\\\/areas-of-expertise\\\/mergers-and-acquisitions\\\/\",\"url\":\"https:\\\/\\\/kristrom.se\\\/en\\\/areas-of-expertise\\\/mergers-and-acquisitions\\\/\",\"name\":\"Mergers and Acquisitions | Kristr\u00f6m Advokatbyr\u00e5\",\"isPartOf\":{\"@id\":\"https:\\\/\\\/kristrom.se\\\/#website\"},\"primaryImageOfPage\":{\"@id\":\"https:\\\/\\\/kristrom.se\\\/en\\\/areas-of-expertise\\\/mergers-and-acquisitions\\\/#primaryimage\"},\"image\":{\"@id\":\"https:\\\/\\\/kristrom.se\\\/en\\\/areas-of-expertise\\\/mergers-and-acquisitions\\\/#primaryimage\"},\"thumbnailUrl\":\"https:\\\/\\\/www.kristrom.se\\\/wp-content\\\/uploads\\\/foretagstransaktioner.png\",\"datePublished\":\"2015-08-27T12:26:06+00:00\",\"dateModified\":\"2017-10-20T13:25:55+00:00\",\"description\":\"F\u00f6retagsf\u00f6rv\u00e4rv av olika slag eller samg\u00e5enden \u00e4r ofta komplexa transaktioner som st\u00e4ller h\u00f6ga krav p\u00e5 juridisk kompetens.\",\"breadcrumb\":{\"@id\":\"https:\\\/\\\/kristrom.se\\\/en\\\/areas-of-expertise\\\/mergers-and-acquisitions\\\/#breadcrumb\"},\"inLanguage\":\"en-US\",\"potentialAction\":[{\"@type\":\"ReadAction\",\"target\":[\"https:\\\/\\\/kristrom.se\\\/en\\\/areas-of-expertise\\\/mergers-and-acquisitions\\\/\"]}]},{\"@type\":\"ImageObject\",\"inLanguage\":\"en-US\",\"@id\":\"https:\\\/\\\/kristrom.se\\\/en\\\/areas-of-expertise\\\/mergers-and-acquisitions\\\/#primaryimage\",\"url\":\"https:\\\/\\\/www.kristrom.se\\\/wp-content\\\/uploads\\\/foretagstransaktioner.png\",\"contentUrl\":\"https:\\\/\\\/www.kristrom.se\\\/wp-content\\\/uploads\\\/foretagstransaktioner.png\"},{\"@type\":\"BreadcrumbList\",\"@id\":\"https:\\\/\\\/kristrom.se\\\/en\\\/areas-of-expertise\\\/mergers-and-acquisitions\\\/#breadcrumb\",\"itemListElement\":[{\"@type\":\"ListItem\",\"position\":1,\"name\":\"Hem\",\"item\":\"https:\\\/\\\/kristrom.se\\\/en\\\/\"},{\"@type\":\"ListItem\",\"position\":2,\"name\":\"Areas of Expertise\",\"item\":\"https:\\\/\\\/kristrom.se\\\/en\\\/areas-of-expertise\\\/\"},{\"@type\":\"ListItem\",\"position\":3,\"name\":\"Mergers and Acquisitions\"}]},{\"@type\":\"WebSite\",\"@id\":\"https:\\\/\\\/kristrom.se\\\/#website\",\"url\":\"https:\\\/\\\/kristrom.se\\\/\",\"name\":\"Kristr\u00f6m Advokatbyr\u00e5\",\"description\":\"\",\"potentialAction\":[{\"@type\":\"SearchAction\",\"target\":{\"@type\":\"EntryPoint\",\"urlTemplate\":\"https:\\\/\\\/kristrom.se\\\/?s={search_term_string}\"},\"query-input\":{\"@type\":\"PropertyValueSpecification\",\"valueRequired\":true,\"valueName\":\"search_term_string\"}}],\"inLanguage\":\"en-US\"}]}<\/script>\n<!-- \/ Yoast SEO plugin. -->","yoast_head_json":{"title":"Mergers and Acquisitions | Kristr\u00f6m Advokatbyr\u00e5","description":"F\u00f6retagsf\u00f6rv\u00e4rv av olika slag eller samg\u00e5enden \u00e4r ofta komplexa transaktioner som st\u00e4ller h\u00f6ga krav p\u00e5 juridisk kompetens.","robots":{"index":"index","follow":"follow","max-snippet":"max-snippet:-1","max-image-preview":"max-image-preview:large","max-video-preview":"max-video-preview:-1"},"canonical":"https:\/\/kristrom.se\/en\/areas-of-expertise\/mergers-and-acquisitions\/","og_locale":"en_US","og_type":"article","og_title":"Mergers and Acquisitions | Kristr\u00f6m Advokatbyr\u00e5","og_description":"F\u00f6retagsf\u00f6rv\u00e4rv av olika slag eller samg\u00e5enden \u00e4r ofta komplexa transaktioner som st\u00e4ller h\u00f6ga krav p\u00e5 juridisk kompetens.","og_url":"https:\/\/kristrom.se\/en\/areas-of-expertise\/mergers-and-acquisitions\/","og_site_name":"Kristr\u00f6m Advokatbyr\u00e5","article_modified_time":"2017-10-20T13:25:55+00:00","og_image":[{"url":"https:\/\/www.kristrom.se\/wp-content\/uploads\/foretagstransaktioner.png","type":"","width":"","height":""}],"twitter_card":"summary_large_image","schema":{"@context":"https:\/\/schema.org","@graph":[{"@type":"WebPage","@id":"https:\/\/kristrom.se\/en\/areas-of-expertise\/mergers-and-acquisitions\/","url":"https:\/\/kristrom.se\/en\/areas-of-expertise\/mergers-and-acquisitions\/","name":"Mergers and Acquisitions | Kristr\u00f6m Advokatbyr\u00e5","isPartOf":{"@id":"https:\/\/kristrom.se\/#website"},"primaryImageOfPage":{"@id":"https:\/\/kristrom.se\/en\/areas-of-expertise\/mergers-and-acquisitions\/#primaryimage"},"image":{"@id":"https:\/\/kristrom.se\/en\/areas-of-expertise\/mergers-and-acquisitions\/#primaryimage"},"thumbnailUrl":"https:\/\/www.kristrom.se\/wp-content\/uploads\/foretagstransaktioner.png","datePublished":"2015-08-27T12:26:06+00:00","dateModified":"2017-10-20T13:25:55+00:00","description":"F\u00f6retagsf\u00f6rv\u00e4rv av olika slag eller samg\u00e5enden \u00e4r ofta komplexa transaktioner som st\u00e4ller h\u00f6ga krav p\u00e5 juridisk kompetens.","breadcrumb":{"@id":"https:\/\/kristrom.se\/en\/areas-of-expertise\/mergers-and-acquisitions\/#breadcrumb"},"inLanguage":"en-US","potentialAction":[{"@type":"ReadAction","target":["https:\/\/kristrom.se\/en\/areas-of-expertise\/mergers-and-acquisitions\/"]}]},{"@type":"ImageObject","inLanguage":"en-US","@id":"https:\/\/kristrom.se\/en\/areas-of-expertise\/mergers-and-acquisitions\/#primaryimage","url":"https:\/\/www.kristrom.se\/wp-content\/uploads\/foretagstransaktioner.png","contentUrl":"https:\/\/www.kristrom.se\/wp-content\/uploads\/foretagstransaktioner.png"},{"@type":"BreadcrumbList","@id":"https:\/\/kristrom.se\/en\/areas-of-expertise\/mergers-and-acquisitions\/#breadcrumb","itemListElement":[{"@type":"ListItem","position":1,"name":"Hem","item":"https:\/\/kristrom.se\/en\/"},{"@type":"ListItem","position":2,"name":"Areas of Expertise","item":"https:\/\/kristrom.se\/en\/areas-of-expertise\/"},{"@type":"ListItem","position":3,"name":"Mergers and Acquisitions"}]},{"@type":"WebSite","@id":"https:\/\/kristrom.se\/#website","url":"https:\/\/kristrom.se\/","name":"Kristr\u00f6m Advokatbyr\u00e5","description":"","potentialAction":[{"@type":"SearchAction","target":{"@type":"EntryPoint","urlTemplate":"https:\/\/kristrom.se\/?s={search_term_string}"},"query-input":{"@type":"PropertyValueSpecification","valueRequired":true,"valueName":"search_term_string"}}],"inLanguage":"en-US"}]}},"_links":{"self":[{"href":"https:\/\/kristrom.se\/en\/wp-json\/wp\/v2\/pages\/347","targetHints":{"allow":["GET"]}}],"collection":[{"href":"https:\/\/kristrom.se\/en\/wp-json\/wp\/v2\/pages"}],"about":[{"href":"https:\/\/kristrom.se\/en\/wp-json\/wp\/v2\/types\/page"}],"author":[{"embeddable":true,"href":"https:\/\/kristrom.se\/en\/wp-json\/wp\/v2\/users\/5"}],"replies":[{"embeddable":true,"href":"https:\/\/kristrom.se\/en\/wp-json\/wp\/v2\/comments?post=347"}],"version-history":[{"count":4,"href":"https:\/\/kristrom.se\/en\/wp-json\/wp\/v2\/pages\/347\/revisions"}],"predecessor-version":[{"id":587,"href":"https:\/\/kristrom.se\/en\/wp-json\/wp\/v2\/pages\/347\/revisions\/587"}],"up":[{"embeddable":true,"href":"https:\/\/kristrom.se\/en\/wp-json\/wp\/v2\/pages\/335"}],"wp:attachment":[{"href":"https:\/\/kristrom.se\/en\/wp-json\/wp\/v2\/media?parent=347"}],"curies":[{"name":"wp","href":"https:\/\/api.w.org\/{rel}","templated":true}]}}