{"id":349,"date":"2015-08-28T13:45:21","date_gmt":"2015-08-28T11:45:21","guid":{"rendered":"http:\/\/www.kristrom.se\/verksamhetsomraden\/hyres-och-nyttjanderatt\/?lang=en"},"modified":"2017-10-20T15:27:40","modified_gmt":"2017-10-20T13:27:40","slug":"tenancy-law","status":"publish","type":"page","link":"https:\/\/kristrom.se\/en\/areas-of-expertise\/tenancy-law\/","title":{"rendered":"Tenancy Law"},"content":{"rendered":"<p><img loading=\"lazy\" decoding=\"async\" class=\"alignnone size-full wp-image-581\" src=\"https:\/\/www.kristrom.se\/wp-content\/uploads\/hyresnyttjanderatt.png\" alt=\"\" width=\"1000\" height=\"400\" srcset=\"https:\/\/kristrom.se\/wp-content\/uploads\/hyresnyttjanderatt.png 1000w, https:\/\/kristrom.se\/wp-content\/uploads\/hyresnyttjanderatt-500x200.png 500w, https:\/\/kristrom.se\/wp-content\/uploads\/hyresnyttjanderatt-768x307.png 768w\" sizes=\"auto, (max-width: 1000px) 100vw, 1000px\" \/><\/p>\n<p>Kristr\u00f6m Law Firm represents companies, housing associations and private individuals regarding questions related to rights of use and tenancy law.<\/p>\n<p>Tenancy law is complex with very specific and detailed regulations. As we on a daily basis handle rental issues in commercial leases for industry, commerce and apartments you can contact us no matter your question in this field of law.<\/p>\n","protected":false},"excerpt":{"rendered":"<p>Kristr\u00f6m Law Firm represents companies, housing associations and private individuals regarding questions related to rights of use and tenancy law. Tenancy law is complex with very specific and detailed regulations. As we on a daily basis handle rental issues in commercial leases for industry, commerce and apartments you can contact us no matter your question&#8230; <\/p>\n<p><a href=\"https:\/\/kristrom.se\/en\/areas-of-expertise\/tenancy-law\/\" rel=\"nofollow\">L\u00e4s mer \u00bb<\/a><\/p>\n","protected":false},"author":5,"featured_media":0,"parent":335,"menu_order":0,"comment_status":"closed","ping_status":"closed","template":"","meta":{"_acf_changed":false,"_genesis_hide_title":false,"_genesis_hide_breadcrumbs":false,"_genesis_hide_singular_image":false,"_genesis_hide_footer_widgets":false,"_genesis_custom_body_class":"","_genesis_custom_post_class":"","_genesis_layout":"","footnotes":""},"class_list":{"0":"post-349","1":"page","2":"type-page","3":"status-publish","5":"entry"},"acf":[],"yoast_head":"<!-- This site is optimized with the Yoast SEO plugin v27.4 - https:\/\/yoast.com\/product\/yoast-seo-wordpress\/ -->\n<title>Tenancy Law | Kristr\u00f6m Advokatbyr\u00e5<\/title>\n<meta name=\"description\" content=\"Kristr\u00f6m Advokatbyr\u00e5 bitr\u00e4der s\u00e5v\u00e4l f\u00f6retag, bostadsr\u00e4ttsf\u00f6reningar, samt privatpersoner i hyresr\u00e4ttsliga fr\u00e5gor, samt fr\u00e5gor r\u00f6rande nyttjander\u00e4tter.\" \/>\n<meta name=\"robots\" content=\"index, follow, max-snippet:-1, max-image-preview:large, max-video-preview:-1\" \/>\n<link rel=\"canonical\" href=\"https:\/\/kristrom.se\/en\/areas-of-expertise\/tenancy-law\/\" \/>\n<meta property=\"og:locale\" content=\"en_US\" \/>\n<meta property=\"og:type\" content=\"article\" \/>\n<meta property=\"og:title\" content=\"Tenancy Law | Kristr\u00f6m Advokatbyr\u00e5\" \/>\n<meta property=\"og:description\" content=\"Kristr\u00f6m Advokatbyr\u00e5 bitr\u00e4der s\u00e5v\u00e4l f\u00f6retag, bostadsr\u00e4ttsf\u00f6reningar, samt privatpersoner i hyresr\u00e4ttsliga fr\u00e5gor, samt fr\u00e5gor r\u00f6rande nyttjander\u00e4tter.\" \/>\n<meta property=\"og:url\" content=\"https:\/\/kristrom.se\/en\/areas-of-expertise\/tenancy-law\/\" \/>\n<meta property=\"og:site_name\" content=\"Kristr\u00f6m Advokatbyr\u00e5\" \/>\n<meta property=\"article:modified_time\" content=\"2017-10-20T13:27:40+00:00\" \/>\n<meta property=\"og:image\" content=\"https:\/\/www.kristrom.se\/wp-content\/uploads\/hyresnyttjanderatt.png\" \/>\n<meta name=\"twitter:card\" content=\"summary_large_image\" \/>\n<script type=\"application\/ld+json\" class=\"yoast-schema-graph\">{\"@context\":\"https:\\\/\\\/schema.org\",\"@graph\":[{\"@type\":\"WebPage\",\"@id\":\"https:\\\/\\\/kristrom.se\\\/en\\\/areas-of-expertise\\\/tenancy-law\\\/\",\"url\":\"https:\\\/\\\/kristrom.se\\\/en\\\/areas-of-expertise\\\/tenancy-law\\\/\",\"name\":\"Tenancy Law | Kristr\u00f6m Advokatbyr\u00e5\",\"isPartOf\":{\"@id\":\"https:\\\/\\\/kristrom.se\\\/#website\"},\"primaryImageOfPage\":{\"@id\":\"https:\\\/\\\/kristrom.se\\\/en\\\/areas-of-expertise\\\/tenancy-law\\\/#primaryimage\"},\"image\":{\"@id\":\"https:\\\/\\\/kristrom.se\\\/en\\\/areas-of-expertise\\\/tenancy-law\\\/#primaryimage\"},\"thumbnailUrl\":\"https:\\\/\\\/www.kristrom.se\\\/wp-content\\\/uploads\\\/hyresnyttjanderatt.png\",\"datePublished\":\"2015-08-28T11:45:21+00:00\",\"dateModified\":\"2017-10-20T13:27:40+00:00\",\"description\":\"Kristr\u00f6m Advokatbyr\u00e5 bitr\u00e4der s\u00e5v\u00e4l f\u00f6retag, bostadsr\u00e4ttsf\u00f6reningar, samt privatpersoner i hyresr\u00e4ttsliga fr\u00e5gor, samt fr\u00e5gor r\u00f6rande nyttjander\u00e4tter.\",\"breadcrumb\":{\"@id\":\"https:\\\/\\\/kristrom.se\\\/en\\\/areas-of-expertise\\\/tenancy-law\\\/#breadcrumb\"},\"inLanguage\":\"en-US\",\"potentialAction\":[{\"@type\":\"ReadAction\",\"target\":[\"https:\\\/\\\/kristrom.se\\\/en\\\/areas-of-expertise\\\/tenancy-law\\\/\"]}]},{\"@type\":\"ImageObject\",\"inLanguage\":\"en-US\",\"@id\":\"https:\\\/\\\/kristrom.se\\\/en\\\/areas-of-expertise\\\/tenancy-law\\\/#primaryimage\",\"url\":\"https:\\\/\\\/www.kristrom.se\\\/wp-content\\\/uploads\\\/hyresnyttjanderatt.png\",\"contentUrl\":\"https:\\\/\\\/www.kristrom.se\\\/wp-content\\\/uploads\\\/hyresnyttjanderatt.png\"},{\"@type\":\"BreadcrumbList\",\"@id\":\"https:\\\/\\\/kristrom.se\\\/en\\\/areas-of-expertise\\\/tenancy-law\\\/#breadcrumb\",\"itemListElement\":[{\"@type\":\"ListItem\",\"position\":1,\"name\":\"Hem\",\"item\":\"https:\\\/\\\/kristrom.se\\\/en\\\/\"},{\"@type\":\"ListItem\",\"position\":2,\"name\":\"Areas of Expertise\",\"item\":\"https:\\\/\\\/kristrom.se\\\/en\\\/areas-of-expertise\\\/\"},{\"@type\":\"ListItem\",\"position\":3,\"name\":\"Tenancy Law\"}]},{\"@type\":\"WebSite\",\"@id\":\"https:\\\/\\\/kristrom.se\\\/#website\",\"url\":\"https:\\\/\\\/kristrom.se\\\/\",\"name\":\"Kristr\u00f6m Advokatbyr\u00e5\",\"description\":\"\",\"potentialAction\":[{\"@type\":\"SearchAction\",\"target\":{\"@type\":\"EntryPoint\",\"urlTemplate\":\"https:\\\/\\\/kristrom.se\\\/?s={search_term_string}\"},\"query-input\":{\"@type\":\"PropertyValueSpecification\",\"valueRequired\":true,\"valueName\":\"search_term_string\"}}],\"inLanguage\":\"en-US\"}]}<\/script>\n<!-- \/ Yoast SEO plugin. -->","yoast_head_json":{"title":"Tenancy Law | Kristr\u00f6m Advokatbyr\u00e5","description":"Kristr\u00f6m Advokatbyr\u00e5 bitr\u00e4der s\u00e5v\u00e4l f\u00f6retag, bostadsr\u00e4ttsf\u00f6reningar, samt privatpersoner i hyresr\u00e4ttsliga fr\u00e5gor, samt fr\u00e5gor r\u00f6rande nyttjander\u00e4tter.","robots":{"index":"index","follow":"follow","max-snippet":"max-snippet:-1","max-image-preview":"max-image-preview:large","max-video-preview":"max-video-preview:-1"},"canonical":"https:\/\/kristrom.se\/en\/areas-of-expertise\/tenancy-law\/","og_locale":"en_US","og_type":"article","og_title":"Tenancy Law | Kristr\u00f6m Advokatbyr\u00e5","og_description":"Kristr\u00f6m Advokatbyr\u00e5 bitr\u00e4der s\u00e5v\u00e4l f\u00f6retag, bostadsr\u00e4ttsf\u00f6reningar, samt privatpersoner i hyresr\u00e4ttsliga fr\u00e5gor, samt fr\u00e5gor r\u00f6rande nyttjander\u00e4tter.","og_url":"https:\/\/kristrom.se\/en\/areas-of-expertise\/tenancy-law\/","og_site_name":"Kristr\u00f6m Advokatbyr\u00e5","article_modified_time":"2017-10-20T13:27:40+00:00","og_image":[{"url":"https:\/\/www.kristrom.se\/wp-content\/uploads\/hyresnyttjanderatt.png","type":"","width":"","height":""}],"twitter_card":"summary_large_image","schema":{"@context":"https:\/\/schema.org","@graph":[{"@type":"WebPage","@id":"https:\/\/kristrom.se\/en\/areas-of-expertise\/tenancy-law\/","url":"https:\/\/kristrom.se\/en\/areas-of-expertise\/tenancy-law\/","name":"Tenancy Law | Kristr\u00f6m Advokatbyr\u00e5","isPartOf":{"@id":"https:\/\/kristrom.se\/#website"},"primaryImageOfPage":{"@id":"https:\/\/kristrom.se\/en\/areas-of-expertise\/tenancy-law\/#primaryimage"},"image":{"@id":"https:\/\/kristrom.se\/en\/areas-of-expertise\/tenancy-law\/#primaryimage"},"thumbnailUrl":"https:\/\/www.kristrom.se\/wp-content\/uploads\/hyresnyttjanderatt.png","datePublished":"2015-08-28T11:45:21+00:00","dateModified":"2017-10-20T13:27:40+00:00","description":"Kristr\u00f6m Advokatbyr\u00e5 bitr\u00e4der s\u00e5v\u00e4l f\u00f6retag, bostadsr\u00e4ttsf\u00f6reningar, samt privatpersoner i hyresr\u00e4ttsliga fr\u00e5gor, samt fr\u00e5gor r\u00f6rande nyttjander\u00e4tter.","breadcrumb":{"@id":"https:\/\/kristrom.se\/en\/areas-of-expertise\/tenancy-law\/#breadcrumb"},"inLanguage":"en-US","potentialAction":[{"@type":"ReadAction","target":["https:\/\/kristrom.se\/en\/areas-of-expertise\/tenancy-law\/"]}]},{"@type":"ImageObject","inLanguage":"en-US","@id":"https:\/\/kristrom.se\/en\/areas-of-expertise\/tenancy-law\/#primaryimage","url":"https:\/\/www.kristrom.se\/wp-content\/uploads\/hyresnyttjanderatt.png","contentUrl":"https:\/\/www.kristrom.se\/wp-content\/uploads\/hyresnyttjanderatt.png"},{"@type":"BreadcrumbList","@id":"https:\/\/kristrom.se\/en\/areas-of-expertise\/tenancy-law\/#breadcrumb","itemListElement":[{"@type":"ListItem","position":1,"name":"Hem","item":"https:\/\/kristrom.se\/en\/"},{"@type":"ListItem","position":2,"name":"Areas of Expertise","item":"https:\/\/kristrom.se\/en\/areas-of-expertise\/"},{"@type":"ListItem","position":3,"name":"Tenancy Law"}]},{"@type":"WebSite","@id":"https:\/\/kristrom.se\/#website","url":"https:\/\/kristrom.se\/","name":"Kristr\u00f6m Advokatbyr\u00e5","description":"","potentialAction":[{"@type":"SearchAction","target":{"@type":"EntryPoint","urlTemplate":"https:\/\/kristrom.se\/?s={search_term_string}"},"query-input":{"@type":"PropertyValueSpecification","valueRequired":true,"valueName":"search_term_string"}}],"inLanguage":"en-US"}]}},"_links":{"self":[{"href":"https:\/\/kristrom.se\/en\/wp-json\/wp\/v2\/pages\/349","targetHints":{"allow":["GET"]}}],"collection":[{"href":"https:\/\/kristrom.se\/en\/wp-json\/wp\/v2\/pages"}],"about":[{"href":"https:\/\/kristrom.se\/en\/wp-json\/wp\/v2\/types\/page"}],"author":[{"embeddable":true,"href":"https:\/\/kristrom.se\/en\/wp-json\/wp\/v2\/users\/5"}],"replies":[{"embeddable":true,"href":"https:\/\/kristrom.se\/en\/wp-json\/wp\/v2\/comments?post=349"}],"version-history":[{"count":6,"href":"https:\/\/kristrom.se\/en\/wp-json\/wp\/v2\/pages\/349\/revisions"}],"predecessor-version":[{"id":589,"href":"https:\/\/kristrom.se\/en\/wp-json\/wp\/v2\/pages\/349\/revisions\/589"}],"up":[{"embeddable":true,"href":"https:\/\/kristrom.se\/en\/wp-json\/wp\/v2\/pages\/335"}],"wp:attachment":[{"href":"https:\/\/kristrom.se\/en\/wp-json\/wp\/v2\/media?parent=349"}],"curies":[{"name":"wp","href":"https:\/\/api.w.org\/{rel}","templated":true}]}}