{"id":351,"date":"2015-08-27T15:06:50","date_gmt":"2015-08-27T13:06:50","guid":{"rendered":"http:\/\/www.kristrom.se\/verksamhetsomraden\/immaterialratt\/?lang=en"},"modified":"2017-09-04T09:06:35","modified_gmt":"2017-09-04T07:06:35","slug":"intellectual-property","status":"publish","type":"page","link":"https:\/\/kristrom.se\/en\/areas-of-expertise\/intellectual-property\/","title":{"rendered":"Intellectual Property"},"content":{"rendered":"<p><img loading=\"lazy\" decoding=\"async\" class=\"alignnone size-full wp-image-244\" src=\"https:\/\/www.kristrom.se\/wp-content\/uploads\/rekrytering.jpg\" alt=\"\" width=\"1000\" height=\"400\" srcset=\"https:\/\/kristrom.se\/wp-content\/uploads\/rekrytering.jpg 1000w, https:\/\/kristrom.se\/wp-content\/uploads\/rekrytering-500x200.jpg 500w\" sizes=\"auto, (max-width: 1000px) 100vw, 1000px\" \/><\/p>\n<p>Do you have a legal strategy for some of your company\u2019s key assets, such as trademarks, copyrights and patents? As globalization and the technological development rapidly increases, the need to deal with these issues increases as well. Please contact us to find a strategy that suits your company\u2019s needs.<\/p>\n","protected":false},"excerpt":{"rendered":"<p>Do you have a legal strategy for some of your company\u2019s key assets, such as trademarks, copyrights and patents? As globalization and the technological development rapidly increases, the need to deal with these issues increases as well. Please contact us to find a strategy that suits your company\u2019s needs.<\/p>\n","protected":false},"author":5,"featured_media":0,"parent":335,"menu_order":0,"comment_status":"closed","ping_status":"closed","template":"","meta":{"_acf_changed":false,"_genesis_hide_title":false,"_genesis_hide_breadcrumbs":false,"_genesis_hide_singular_image":false,"_genesis_hide_footer_widgets":false,"_genesis_custom_body_class":"","_genesis_custom_post_class":"","_genesis_layout":"","footnotes":""},"class_list":{"0":"post-351","1":"page","2":"type-page","3":"status-publish","5":"entry"},"acf":[],"yoast_head":"<!-- This site is optimized with the Yoast SEO plugin v27.4 - https:\/\/yoast.com\/product\/yoast-seo-wordpress\/ -->\n<title>Intellectual Property | Kristr\u00f6m Advokatbyr\u00e5<\/title>\n<meta name=\"description\" content=\"I takt med globaliseringen och den snabba tekniska utvecklingen \u00f6kar behovet av att hantera dessa fr\u00e5gor vilket avspeglar sig i v\u00e5r verksamhet.\" \/>\n<meta name=\"robots\" content=\"index, follow, max-snippet:-1, max-image-preview:large, max-video-preview:-1\" \/>\n<link rel=\"canonical\" href=\"https:\/\/kristrom.se\/en\/areas-of-expertise\/intellectual-property\/\" \/>\n<meta property=\"og:locale\" content=\"en_US\" \/>\n<meta property=\"og:type\" content=\"article\" \/>\n<meta property=\"og:title\" content=\"Intellectual Property | Kristr\u00f6m Advokatbyr\u00e5\" \/>\n<meta property=\"og:description\" content=\"I takt med globaliseringen och den snabba tekniska utvecklingen \u00f6kar behovet av att hantera dessa fr\u00e5gor vilket avspeglar sig i v\u00e5r verksamhet.\" \/>\n<meta property=\"og:url\" content=\"https:\/\/kristrom.se\/en\/areas-of-expertise\/intellectual-property\/\" \/>\n<meta property=\"og:site_name\" content=\"Kristr\u00f6m Advokatbyr\u00e5\" \/>\n<meta property=\"article:modified_time\" content=\"2017-09-04T07:06:35+00:00\" \/>\n<meta property=\"og:image\" content=\"https:\/\/www.kristrom.se\/wp-content\/uploads\/rekrytering.jpg\" \/>\n<meta name=\"twitter:card\" content=\"summary_large_image\" \/>\n<script type=\"application\/ld+json\" class=\"yoast-schema-graph\">{\"@context\":\"https:\\\/\\\/schema.org\",\"@graph\":[{\"@type\":\"WebPage\",\"@id\":\"https:\\\/\\\/kristrom.se\\\/en\\\/areas-of-expertise\\\/intellectual-property\\\/\",\"url\":\"https:\\\/\\\/kristrom.se\\\/en\\\/areas-of-expertise\\\/intellectual-property\\\/\",\"name\":\"Intellectual Property | Kristr\u00f6m Advokatbyr\u00e5\",\"isPartOf\":{\"@id\":\"https:\\\/\\\/kristrom.se\\\/#website\"},\"primaryImageOfPage\":{\"@id\":\"https:\\\/\\\/kristrom.se\\\/en\\\/areas-of-expertise\\\/intellectual-property\\\/#primaryimage\"},\"image\":{\"@id\":\"https:\\\/\\\/kristrom.se\\\/en\\\/areas-of-expertise\\\/intellectual-property\\\/#primaryimage\"},\"thumbnailUrl\":\"https:\\\/\\\/www.kristrom.se\\\/wp-content\\\/uploads\\\/rekrytering.jpg\",\"datePublished\":\"2015-08-27T13:06:50+00:00\",\"dateModified\":\"2017-09-04T07:06:35+00:00\",\"description\":\"I takt med globaliseringen och den snabba tekniska utvecklingen \u00f6kar behovet av att hantera dessa fr\u00e5gor vilket avspeglar sig i v\u00e5r verksamhet.\",\"breadcrumb\":{\"@id\":\"https:\\\/\\\/kristrom.se\\\/en\\\/areas-of-expertise\\\/intellectual-property\\\/#breadcrumb\"},\"inLanguage\":\"en-US\",\"potentialAction\":[{\"@type\":\"ReadAction\",\"target\":[\"https:\\\/\\\/kristrom.se\\\/en\\\/areas-of-expertise\\\/intellectual-property\\\/\"]}]},{\"@type\":\"ImageObject\",\"inLanguage\":\"en-US\",\"@id\":\"https:\\\/\\\/kristrom.se\\\/en\\\/areas-of-expertise\\\/intellectual-property\\\/#primaryimage\",\"url\":\"https:\\\/\\\/www.kristrom.se\\\/wp-content\\\/uploads\\\/rekrytering.jpg\",\"contentUrl\":\"https:\\\/\\\/www.kristrom.se\\\/wp-content\\\/uploads\\\/rekrytering.jpg\"},{\"@type\":\"BreadcrumbList\",\"@id\":\"https:\\\/\\\/kristrom.se\\\/en\\\/areas-of-expertise\\\/intellectual-property\\\/#breadcrumb\",\"itemListElement\":[{\"@type\":\"ListItem\",\"position\":1,\"name\":\"Hem\",\"item\":\"https:\\\/\\\/kristrom.se\\\/en\\\/\"},{\"@type\":\"ListItem\",\"position\":2,\"name\":\"Areas of Expertise\",\"item\":\"https:\\\/\\\/kristrom.se\\\/en\\\/areas-of-expertise\\\/\"},{\"@type\":\"ListItem\",\"position\":3,\"name\":\"Intellectual Property\"}]},{\"@type\":\"WebSite\",\"@id\":\"https:\\\/\\\/kristrom.se\\\/#website\",\"url\":\"https:\\\/\\\/kristrom.se\\\/\",\"name\":\"Kristr\u00f6m Advokatbyr\u00e5\",\"description\":\"\",\"potentialAction\":[{\"@type\":\"SearchAction\",\"target\":{\"@type\":\"EntryPoint\",\"urlTemplate\":\"https:\\\/\\\/kristrom.se\\\/?s={search_term_string}\"},\"query-input\":{\"@type\":\"PropertyValueSpecification\",\"valueRequired\":true,\"valueName\":\"search_term_string\"}}],\"inLanguage\":\"en-US\"}]}<\/script>\n<!-- \/ Yoast SEO plugin. -->","yoast_head_json":{"title":"Intellectual Property | Kristr\u00f6m Advokatbyr\u00e5","description":"I takt med globaliseringen och den snabba tekniska utvecklingen \u00f6kar behovet av att hantera dessa fr\u00e5gor vilket avspeglar sig i v\u00e5r verksamhet.","robots":{"index":"index","follow":"follow","max-snippet":"max-snippet:-1","max-image-preview":"max-image-preview:large","max-video-preview":"max-video-preview:-1"},"canonical":"https:\/\/kristrom.se\/en\/areas-of-expertise\/intellectual-property\/","og_locale":"en_US","og_type":"article","og_title":"Intellectual Property | Kristr\u00f6m Advokatbyr\u00e5","og_description":"I takt med globaliseringen och den snabba tekniska utvecklingen \u00f6kar behovet av att hantera dessa fr\u00e5gor vilket avspeglar sig i v\u00e5r verksamhet.","og_url":"https:\/\/kristrom.se\/en\/areas-of-expertise\/intellectual-property\/","og_site_name":"Kristr\u00f6m Advokatbyr\u00e5","article_modified_time":"2017-09-04T07:06:35+00:00","og_image":[{"url":"https:\/\/www.kristrom.se\/wp-content\/uploads\/rekrytering.jpg","type":"","width":"","height":""}],"twitter_card":"summary_large_image","schema":{"@context":"https:\/\/schema.org","@graph":[{"@type":"WebPage","@id":"https:\/\/kristrom.se\/en\/areas-of-expertise\/intellectual-property\/","url":"https:\/\/kristrom.se\/en\/areas-of-expertise\/intellectual-property\/","name":"Intellectual Property | Kristr\u00f6m Advokatbyr\u00e5","isPartOf":{"@id":"https:\/\/kristrom.se\/#website"},"primaryImageOfPage":{"@id":"https:\/\/kristrom.se\/en\/areas-of-expertise\/intellectual-property\/#primaryimage"},"image":{"@id":"https:\/\/kristrom.se\/en\/areas-of-expertise\/intellectual-property\/#primaryimage"},"thumbnailUrl":"https:\/\/www.kristrom.se\/wp-content\/uploads\/rekrytering.jpg","datePublished":"2015-08-27T13:06:50+00:00","dateModified":"2017-09-04T07:06:35+00:00","description":"I takt med globaliseringen och den snabba tekniska utvecklingen \u00f6kar behovet av att hantera dessa fr\u00e5gor vilket avspeglar sig i v\u00e5r verksamhet.","breadcrumb":{"@id":"https:\/\/kristrom.se\/en\/areas-of-expertise\/intellectual-property\/#breadcrumb"},"inLanguage":"en-US","potentialAction":[{"@type":"ReadAction","target":["https:\/\/kristrom.se\/en\/areas-of-expertise\/intellectual-property\/"]}]},{"@type":"ImageObject","inLanguage":"en-US","@id":"https:\/\/kristrom.se\/en\/areas-of-expertise\/intellectual-property\/#primaryimage","url":"https:\/\/www.kristrom.se\/wp-content\/uploads\/rekrytering.jpg","contentUrl":"https:\/\/www.kristrom.se\/wp-content\/uploads\/rekrytering.jpg"},{"@type":"BreadcrumbList","@id":"https:\/\/kristrom.se\/en\/areas-of-expertise\/intellectual-property\/#breadcrumb","itemListElement":[{"@type":"ListItem","position":1,"name":"Hem","item":"https:\/\/kristrom.se\/en\/"},{"@type":"ListItem","position":2,"name":"Areas of Expertise","item":"https:\/\/kristrom.se\/en\/areas-of-expertise\/"},{"@type":"ListItem","position":3,"name":"Intellectual Property"}]},{"@type":"WebSite","@id":"https:\/\/kristrom.se\/#website","url":"https:\/\/kristrom.se\/","name":"Kristr\u00f6m Advokatbyr\u00e5","description":"","potentialAction":[{"@type":"SearchAction","target":{"@type":"EntryPoint","urlTemplate":"https:\/\/kristrom.se\/?s={search_term_string}"},"query-input":{"@type":"PropertyValueSpecification","valueRequired":true,"valueName":"search_term_string"}}],"inLanguage":"en-US"}]}},"_links":{"self":[{"href":"https:\/\/kristrom.se\/en\/wp-json\/wp\/v2\/pages\/351","targetHints":{"allow":["GET"]}}],"collection":[{"href":"https:\/\/kristrom.se\/en\/wp-json\/wp\/v2\/pages"}],"about":[{"href":"https:\/\/kristrom.se\/en\/wp-json\/wp\/v2\/types\/page"}],"author":[{"embeddable":true,"href":"https:\/\/kristrom.se\/en\/wp-json\/wp\/v2\/users\/5"}],"replies":[{"embeddable":true,"href":"https:\/\/kristrom.se\/en\/wp-json\/wp\/v2\/comments?post=351"}],"version-history":[{"count":3,"href":"https:\/\/kristrom.se\/en\/wp-json\/wp\/v2\/pages\/351\/revisions"}],"predecessor-version":[{"id":542,"href":"https:\/\/kristrom.se\/en\/wp-json\/wp\/v2\/pages\/351\/revisions\/542"}],"up":[{"embeddable":true,"href":"https:\/\/kristrom.se\/en\/wp-json\/wp\/v2\/pages\/335"}],"wp:attachment":[{"href":"https:\/\/kristrom.se\/en\/wp-json\/wp\/v2\/media?parent=351"}],"curies":[{"name":"wp","href":"https:\/\/api.w.org\/{rel}","templated":true}]}}