{"id":353,"date":"2015-10-05T13:40:30","date_gmt":"2015-10-05T11:40:30","guid":{"rendered":"http:\/\/www.kristrom.se\/verksamhetsomraden\/it-ratt-och-telekom\/?lang=en"},"modified":"2017-10-18T14:54:45","modified_gmt":"2017-10-18T12:54:45","slug":"it-law-and-telecom","status":"publish","type":"page","link":"https:\/\/kristrom.se\/en\/areas-of-expertise\/it-law-and-telecom\/","title":{"rendered":"IT Law and Telecom"},"content":{"rendered":"<p><img loading=\"lazy\" decoding=\"async\" class=\"alignnone size-full wp-image-562\" src=\"https:\/\/www.kristrom.se\/wp-content\/uploads\/kristrom-6.png\" alt=\"\" width=\"1002\" height=\"400\" srcset=\"https:\/\/kristrom.se\/wp-content\/uploads\/kristrom-6.png 1002w, https:\/\/kristrom.se\/wp-content\/uploads\/kristrom-6-500x200.png 500w, https:\/\/kristrom.se\/wp-content\/uploads\/kristrom-6-768x307.png 768w\" sizes=\"auto, (max-width: 1002px) 100vw, 1002px\" \/><\/p>\n<p>Does your company have a IT and telecommunications strategy? With the rapid growth in IT and telecommunications, as well the increasing dependence on electronic media, IT and telecom are vital areas for many governments and companies.<\/p>\n<p>While the technical expertise is important, you also need a clear and well planned legal strategy. We help large companies as well as small family-owned companies with legal advice in these areas of law.<\/p>\n","protected":false},"excerpt":{"rendered":"<p>Does your company have a IT and telecommunications strategy? With the rapid growth in IT and telecommunications, as well the increasing dependence on electronic media, IT and telecom are vital areas for many governments and companies. While the technical expertise is important, you also need a clear and well planned legal strategy. We help large&#8230; <\/p>\n<p><a href=\"https:\/\/kristrom.se\/en\/areas-of-expertise\/it-law-and-telecom\/\" rel=\"nofollow\">L\u00e4s mer \u00bb<\/a><\/p>\n","protected":false},"author":5,"featured_media":0,"parent":335,"menu_order":0,"comment_status":"closed","ping_status":"closed","template":"","meta":{"_acf_changed":false,"_genesis_hide_title":false,"_genesis_hide_breadcrumbs":false,"_genesis_hide_singular_image":false,"_genesis_hide_footer_widgets":false,"_genesis_custom_body_class":"","_genesis_custom_post_class":"","_genesis_layout":"","footnotes":""},"class_list":{"0":"post-353","1":"page","2":"type-page","3":"status-publish","5":"entry"},"acf":[],"yoast_head":"<!-- This site is optimized with the Yoast SEO plugin v27.4 - https:\/\/yoast.com\/product\/yoast-seo-wordpress\/ -->\n<title>IT Law and Telecom | Kristr\u00f6m Advokatbyr\u00e5<\/title>\n<meta name=\"description\" content=\"Ut\u00f6ver teknisk beredskap beh\u00f6vs \u00e4ven en legal beredskap i form av en tydlig och s\u00e4ker juridisk strategi.\" \/>\n<meta name=\"robots\" content=\"index, follow, max-snippet:-1, max-image-preview:large, max-video-preview:-1\" \/>\n<link rel=\"canonical\" href=\"https:\/\/kristrom.se\/en\/areas-of-expertise\/it-law-and-telecom\/\" \/>\n<meta property=\"og:locale\" content=\"en_US\" \/>\n<meta property=\"og:type\" content=\"article\" \/>\n<meta property=\"og:title\" content=\"IT Law and Telecom | Kristr\u00f6m Advokatbyr\u00e5\" \/>\n<meta property=\"og:description\" content=\"Ut\u00f6ver teknisk beredskap beh\u00f6vs \u00e4ven en legal beredskap i form av en tydlig och s\u00e4ker juridisk strategi.\" \/>\n<meta property=\"og:url\" content=\"https:\/\/kristrom.se\/en\/areas-of-expertise\/it-law-and-telecom\/\" \/>\n<meta property=\"og:site_name\" content=\"Kristr\u00f6m Advokatbyr\u00e5\" \/>\n<meta property=\"article:modified_time\" content=\"2017-10-18T12:54:45+00:00\" \/>\n<meta property=\"og:image\" content=\"https:\/\/www.kristrom.se\/wp-content\/uploads\/kristrom-6.png\" \/>\n<meta name=\"twitter:card\" content=\"summary_large_image\" \/>\n<script type=\"application\/ld+json\" class=\"yoast-schema-graph\">{\"@context\":\"https:\\\/\\\/schema.org\",\"@graph\":[{\"@type\":\"WebPage\",\"@id\":\"https:\\\/\\\/kristrom.se\\\/en\\\/areas-of-expertise\\\/it-law-and-telecom\\\/\",\"url\":\"https:\\\/\\\/kristrom.se\\\/en\\\/areas-of-expertise\\\/it-law-and-telecom\\\/\",\"name\":\"IT Law and Telecom | Kristr\u00f6m Advokatbyr\u00e5\",\"isPartOf\":{\"@id\":\"https:\\\/\\\/kristrom.se\\\/#website\"},\"primaryImageOfPage\":{\"@id\":\"https:\\\/\\\/kristrom.se\\\/en\\\/areas-of-expertise\\\/it-law-and-telecom\\\/#primaryimage\"},\"image\":{\"@id\":\"https:\\\/\\\/kristrom.se\\\/en\\\/areas-of-expertise\\\/it-law-and-telecom\\\/#primaryimage\"},\"thumbnailUrl\":\"https:\\\/\\\/www.kristrom.se\\\/wp-content\\\/uploads\\\/kristrom-6.png\",\"datePublished\":\"2015-10-05T11:40:30+00:00\",\"dateModified\":\"2017-10-18T12:54:45+00:00\",\"description\":\"Ut\u00f6ver teknisk beredskap beh\u00f6vs \u00e4ven en legal beredskap i form av en tydlig och s\u00e4ker juridisk strategi.\",\"breadcrumb\":{\"@id\":\"https:\\\/\\\/kristrom.se\\\/en\\\/areas-of-expertise\\\/it-law-and-telecom\\\/#breadcrumb\"},\"inLanguage\":\"en-US\",\"potentialAction\":[{\"@type\":\"ReadAction\",\"target\":[\"https:\\\/\\\/kristrom.se\\\/en\\\/areas-of-expertise\\\/it-law-and-telecom\\\/\"]}]},{\"@type\":\"ImageObject\",\"inLanguage\":\"en-US\",\"@id\":\"https:\\\/\\\/kristrom.se\\\/en\\\/areas-of-expertise\\\/it-law-and-telecom\\\/#primaryimage\",\"url\":\"https:\\\/\\\/www.kristrom.se\\\/wp-content\\\/uploads\\\/kristrom-6.png\",\"contentUrl\":\"https:\\\/\\\/www.kristrom.se\\\/wp-content\\\/uploads\\\/kristrom-6.png\"},{\"@type\":\"BreadcrumbList\",\"@id\":\"https:\\\/\\\/kristrom.se\\\/en\\\/areas-of-expertise\\\/it-law-and-telecom\\\/#breadcrumb\",\"itemListElement\":[{\"@type\":\"ListItem\",\"position\":1,\"name\":\"Hem\",\"item\":\"https:\\\/\\\/kristrom.se\\\/en\\\/\"},{\"@type\":\"ListItem\",\"position\":2,\"name\":\"Areas of Expertise\",\"item\":\"https:\\\/\\\/kristrom.se\\\/en\\\/areas-of-expertise\\\/\"},{\"@type\":\"ListItem\",\"position\":3,\"name\":\"IT Law and Telecom\"}]},{\"@type\":\"WebSite\",\"@id\":\"https:\\\/\\\/kristrom.se\\\/#website\",\"url\":\"https:\\\/\\\/kristrom.se\\\/\",\"name\":\"Kristr\u00f6m Advokatbyr\u00e5\",\"description\":\"\",\"potentialAction\":[{\"@type\":\"SearchAction\",\"target\":{\"@type\":\"EntryPoint\",\"urlTemplate\":\"https:\\\/\\\/kristrom.se\\\/?s={search_term_string}\"},\"query-input\":{\"@type\":\"PropertyValueSpecification\",\"valueRequired\":true,\"valueName\":\"search_term_string\"}}],\"inLanguage\":\"en-US\"}]}<\/script>\n<!-- \/ Yoast SEO plugin. -->","yoast_head_json":{"title":"IT Law and Telecom | Kristr\u00f6m Advokatbyr\u00e5","description":"Ut\u00f6ver teknisk beredskap beh\u00f6vs \u00e4ven en legal beredskap i form av en tydlig och s\u00e4ker juridisk strategi.","robots":{"index":"index","follow":"follow","max-snippet":"max-snippet:-1","max-image-preview":"max-image-preview:large","max-video-preview":"max-video-preview:-1"},"canonical":"https:\/\/kristrom.se\/en\/areas-of-expertise\/it-law-and-telecom\/","og_locale":"en_US","og_type":"article","og_title":"IT Law and Telecom | Kristr\u00f6m Advokatbyr\u00e5","og_description":"Ut\u00f6ver teknisk beredskap beh\u00f6vs \u00e4ven en legal beredskap i form av en tydlig och s\u00e4ker juridisk strategi.","og_url":"https:\/\/kristrom.se\/en\/areas-of-expertise\/it-law-and-telecom\/","og_site_name":"Kristr\u00f6m Advokatbyr\u00e5","article_modified_time":"2017-10-18T12:54:45+00:00","og_image":[{"url":"https:\/\/www.kristrom.se\/wp-content\/uploads\/kristrom-6.png","type":"","width":"","height":""}],"twitter_card":"summary_large_image","schema":{"@context":"https:\/\/schema.org","@graph":[{"@type":"WebPage","@id":"https:\/\/kristrom.se\/en\/areas-of-expertise\/it-law-and-telecom\/","url":"https:\/\/kristrom.se\/en\/areas-of-expertise\/it-law-and-telecom\/","name":"IT Law and Telecom | Kristr\u00f6m Advokatbyr\u00e5","isPartOf":{"@id":"https:\/\/kristrom.se\/#website"},"primaryImageOfPage":{"@id":"https:\/\/kristrom.se\/en\/areas-of-expertise\/it-law-and-telecom\/#primaryimage"},"image":{"@id":"https:\/\/kristrom.se\/en\/areas-of-expertise\/it-law-and-telecom\/#primaryimage"},"thumbnailUrl":"https:\/\/www.kristrom.se\/wp-content\/uploads\/kristrom-6.png","datePublished":"2015-10-05T11:40:30+00:00","dateModified":"2017-10-18T12:54:45+00:00","description":"Ut\u00f6ver teknisk beredskap beh\u00f6vs \u00e4ven en legal beredskap i form av en tydlig och s\u00e4ker juridisk strategi.","breadcrumb":{"@id":"https:\/\/kristrom.se\/en\/areas-of-expertise\/it-law-and-telecom\/#breadcrumb"},"inLanguage":"en-US","potentialAction":[{"@type":"ReadAction","target":["https:\/\/kristrom.se\/en\/areas-of-expertise\/it-law-and-telecom\/"]}]},{"@type":"ImageObject","inLanguage":"en-US","@id":"https:\/\/kristrom.se\/en\/areas-of-expertise\/it-law-and-telecom\/#primaryimage","url":"https:\/\/www.kristrom.se\/wp-content\/uploads\/kristrom-6.png","contentUrl":"https:\/\/www.kristrom.se\/wp-content\/uploads\/kristrom-6.png"},{"@type":"BreadcrumbList","@id":"https:\/\/kristrom.se\/en\/areas-of-expertise\/it-law-and-telecom\/#breadcrumb","itemListElement":[{"@type":"ListItem","position":1,"name":"Hem","item":"https:\/\/kristrom.se\/en\/"},{"@type":"ListItem","position":2,"name":"Areas of Expertise","item":"https:\/\/kristrom.se\/en\/areas-of-expertise\/"},{"@type":"ListItem","position":3,"name":"IT Law and Telecom"}]},{"@type":"WebSite","@id":"https:\/\/kristrom.se\/#website","url":"https:\/\/kristrom.se\/","name":"Kristr\u00f6m Advokatbyr\u00e5","description":"","potentialAction":[{"@type":"SearchAction","target":{"@type":"EntryPoint","urlTemplate":"https:\/\/kristrom.se\/?s={search_term_string}"},"query-input":{"@type":"PropertyValueSpecification","valueRequired":true,"valueName":"search_term_string"}}],"inLanguage":"en-US"}]}},"_links":{"self":[{"href":"https:\/\/kristrom.se\/en\/wp-json\/wp\/v2\/pages\/353","targetHints":{"allow":["GET"]}}],"collection":[{"href":"https:\/\/kristrom.se\/en\/wp-json\/wp\/v2\/pages"}],"about":[{"href":"https:\/\/kristrom.se\/en\/wp-json\/wp\/v2\/types\/page"}],"author":[{"embeddable":true,"href":"https:\/\/kristrom.se\/en\/wp-json\/wp\/v2\/users\/5"}],"replies":[{"embeddable":true,"href":"https:\/\/kristrom.se\/en\/wp-json\/wp\/v2\/comments?post=353"}],"version-history":[{"count":4,"href":"https:\/\/kristrom.se\/en\/wp-json\/wp\/v2\/pages\/353\/revisions"}],"predecessor-version":[{"id":571,"href":"https:\/\/kristrom.se\/en\/wp-json\/wp\/v2\/pages\/353\/revisions\/571"}],"up":[{"embeddable":true,"href":"https:\/\/kristrom.se\/en\/wp-json\/wp\/v2\/pages\/335"}],"wp:attachment":[{"href":"https:\/\/kristrom.se\/en\/wp-json\/wp\/v2\/media?parent=353"}],"curies":[{"name":"wp","href":"https:\/\/api.w.org\/{rel}","templated":true}]}}