{"id":354,"date":"2015-08-27T17:08:39","date_gmt":"2015-08-27T15:08:39","guid":{"rendered":"http:\/\/www.kristrom.se\/verksamhetsomraden\/processer-och-skiljeforfarande\/?lang=en"},"modified":"2017-10-20T15:28:20","modified_gmt":"2017-10-20T13:28:20","slug":"litigation-and-arbitration","status":"publish","type":"page","link":"https:\/\/kristrom.se\/en\/areas-of-expertise\/litigation-and-arbitration\/","title":{"rendered":"Litigation and arbitration"},"content":{"rendered":"<p><img loading=\"lazy\" decoding=\"async\" class=\"alignnone size-full wp-image-584\" src=\"https:\/\/www.kristrom.se\/wp-content\/uploads\/processerskiljanderatt.png\" alt=\"\" width=\"1000\" height=\"400\" srcset=\"https:\/\/kristrom.se\/wp-content\/uploads\/processerskiljanderatt.png 1000w, https:\/\/kristrom.se\/wp-content\/uploads\/processerskiljanderatt-500x200.png 500w, https:\/\/kristrom.se\/wp-content\/uploads\/processerskiljanderatt-768x307.png 768w\" sizes=\"auto, (max-width: 1000px) 100vw, 1000px\" \/><\/p>\n<p>Litigation is constantly a part of the daily operations at Kristr\u00f6m Law Firm. Our legal team is active as counsels and arbitrators in proceedings both in Sweden and abroad.<\/p>\n<p>Contact us to find out more about how we can help you with your situation.<\/p>\n","protected":false},"excerpt":{"rendered":"<p>Litigation is constantly a part of the daily operations at Kristr\u00f6m Law Firm. Our legal team is active as counsels and arbitrators in proceedings both in Sweden and abroad. Contact us to find out more about how we can help you with your situation.<\/p>\n","protected":false},"author":5,"featured_media":0,"parent":335,"menu_order":0,"comment_status":"closed","ping_status":"closed","template":"","meta":{"_acf_changed":false,"_genesis_hide_title":false,"_genesis_hide_breadcrumbs":false,"_genesis_hide_singular_image":false,"_genesis_hide_footer_widgets":false,"_genesis_custom_body_class":"","_genesis_custom_post_class":"","_genesis_layout":"","footnotes":""},"class_list":{"0":"post-354","1":"page","2":"type-page","3":"status-publish","5":"entry"},"acf":[],"yoast_head":"<!-- This site is optimized with the Yoast SEO plugin v27.6 - https:\/\/yoast.com\/product\/yoast-seo-wordpress\/ -->\n<title>Litigation and arbitration | Kristr\u00f6m Advokatbyr\u00e5<\/title>\n<meta name=\"description\" content=\"Jurister p\u00e5 Kristr\u00f6m Advokatbyr\u00e5 \u00e4r aktiva som partsombud och skiljem\u00e4n i skiljef\u00f6rfaranden b\u00e5de inom och utanf\u00f6r Sverige.\" \/>\n<meta name=\"robots\" content=\"index, follow, max-snippet:-1, max-image-preview:large, max-video-preview:-1\" \/>\n<link rel=\"canonical\" href=\"https:\/\/kristrom.se\/en\/areas-of-expertise\/litigation-and-arbitration\/\" \/>\n<meta property=\"og:locale\" content=\"en_US\" \/>\n<meta property=\"og:type\" content=\"article\" \/>\n<meta property=\"og:title\" content=\"Litigation and arbitration | Kristr\u00f6m Advokatbyr\u00e5\" \/>\n<meta property=\"og:description\" content=\"Jurister p\u00e5 Kristr\u00f6m Advokatbyr\u00e5 \u00e4r aktiva som partsombud och skiljem\u00e4n i skiljef\u00f6rfaranden b\u00e5de inom och utanf\u00f6r Sverige.\" \/>\n<meta property=\"og:url\" content=\"https:\/\/kristrom.se\/en\/areas-of-expertise\/litigation-and-arbitration\/\" \/>\n<meta property=\"og:site_name\" content=\"Kristr\u00f6m Advokatbyr\u00e5\" \/>\n<meta property=\"article:modified_time\" content=\"2017-10-20T13:28:20+00:00\" \/>\n<meta property=\"og:image\" content=\"https:\/\/www.kristrom.se\/wp-content\/uploads\/processerskiljanderatt.png\" \/>\n<meta name=\"twitter:card\" content=\"summary_large_image\" \/>\n<script type=\"application\/ld+json\" class=\"yoast-schema-graph\">{\"@context\":\"https:\\\/\\\/schema.org\",\"@graph\":[{\"@type\":\"WebPage\",\"@id\":\"https:\\\/\\\/kristrom.se\\\/en\\\/areas-of-expertise\\\/litigation-and-arbitration\\\/\",\"url\":\"https:\\\/\\\/kristrom.se\\\/en\\\/areas-of-expertise\\\/litigation-and-arbitration\\\/\",\"name\":\"Litigation and arbitration | Kristr\u00f6m Advokatbyr\u00e5\",\"isPartOf\":{\"@id\":\"https:\\\/\\\/kristrom.se\\\/#website\"},\"primaryImageOfPage\":{\"@id\":\"https:\\\/\\\/kristrom.se\\\/en\\\/areas-of-expertise\\\/litigation-and-arbitration\\\/#primaryimage\"},\"image\":{\"@id\":\"https:\\\/\\\/kristrom.se\\\/en\\\/areas-of-expertise\\\/litigation-and-arbitration\\\/#primaryimage\"},\"thumbnailUrl\":\"https:\\\/\\\/www.kristrom.se\\\/wp-content\\\/uploads\\\/processerskiljanderatt.png\",\"datePublished\":\"2015-08-27T15:08:39+00:00\",\"dateModified\":\"2017-10-20T13:28:20+00:00\",\"description\":\"Jurister p\u00e5 Kristr\u00f6m Advokatbyr\u00e5 \u00e4r aktiva som partsombud och skiljem\u00e4n i skiljef\u00f6rfaranden b\u00e5de inom och utanf\u00f6r Sverige.\",\"breadcrumb\":{\"@id\":\"https:\\\/\\\/kristrom.se\\\/en\\\/areas-of-expertise\\\/litigation-and-arbitration\\\/#breadcrumb\"},\"inLanguage\":\"en-US\",\"potentialAction\":[{\"@type\":\"ReadAction\",\"target\":[\"https:\\\/\\\/kristrom.se\\\/en\\\/areas-of-expertise\\\/litigation-and-arbitration\\\/\"]}]},{\"@type\":\"ImageObject\",\"inLanguage\":\"en-US\",\"@id\":\"https:\\\/\\\/kristrom.se\\\/en\\\/areas-of-expertise\\\/litigation-and-arbitration\\\/#primaryimage\",\"url\":\"https:\\\/\\\/www.kristrom.se\\\/wp-content\\\/uploads\\\/processerskiljanderatt.png\",\"contentUrl\":\"https:\\\/\\\/www.kristrom.se\\\/wp-content\\\/uploads\\\/processerskiljanderatt.png\"},{\"@type\":\"BreadcrumbList\",\"@id\":\"https:\\\/\\\/kristrom.se\\\/en\\\/areas-of-expertise\\\/litigation-and-arbitration\\\/#breadcrumb\",\"itemListElement\":[{\"@type\":\"ListItem\",\"position\":1,\"name\":\"Hem\",\"item\":\"https:\\\/\\\/kristrom.se\\\/en\\\/\"},{\"@type\":\"ListItem\",\"position\":2,\"name\":\"Areas of Expertise\",\"item\":\"https:\\\/\\\/kristrom.se\\\/en\\\/areas-of-expertise\\\/\"},{\"@type\":\"ListItem\",\"position\":3,\"name\":\"Litigation and arbitration\"}]},{\"@type\":\"WebSite\",\"@id\":\"https:\\\/\\\/kristrom.se\\\/#website\",\"url\":\"https:\\\/\\\/kristrom.se\\\/\",\"name\":\"Kristr\u00f6m Advokatbyr\u00e5\",\"description\":\"\",\"potentialAction\":[{\"@type\":\"SearchAction\",\"target\":{\"@type\":\"EntryPoint\",\"urlTemplate\":\"https:\\\/\\\/kristrom.se\\\/?s={search_term_string}\"},\"query-input\":{\"@type\":\"PropertyValueSpecification\",\"valueRequired\":true,\"valueName\":\"search_term_string\"}}],\"inLanguage\":\"en-US\"}]}<\/script>\n<!-- \/ Yoast SEO plugin. -->","yoast_head_json":{"title":"Litigation and arbitration | Kristr\u00f6m Advokatbyr\u00e5","description":"Jurister p\u00e5 Kristr\u00f6m Advokatbyr\u00e5 \u00e4r aktiva som partsombud och skiljem\u00e4n i skiljef\u00f6rfaranden b\u00e5de inom och utanf\u00f6r Sverige.","robots":{"index":"index","follow":"follow","max-snippet":"max-snippet:-1","max-image-preview":"max-image-preview:large","max-video-preview":"max-video-preview:-1"},"canonical":"https:\/\/kristrom.se\/en\/areas-of-expertise\/litigation-and-arbitration\/","og_locale":"en_US","og_type":"article","og_title":"Litigation and arbitration | Kristr\u00f6m Advokatbyr\u00e5","og_description":"Jurister p\u00e5 Kristr\u00f6m Advokatbyr\u00e5 \u00e4r aktiva som partsombud och skiljem\u00e4n i skiljef\u00f6rfaranden b\u00e5de inom och utanf\u00f6r Sverige.","og_url":"https:\/\/kristrom.se\/en\/areas-of-expertise\/litigation-and-arbitration\/","og_site_name":"Kristr\u00f6m Advokatbyr\u00e5","article_modified_time":"2017-10-20T13:28:20+00:00","og_image":[{"url":"https:\/\/www.kristrom.se\/wp-content\/uploads\/processerskiljanderatt.png","type":"","width":"","height":""}],"twitter_card":"summary_large_image","schema":{"@context":"https:\/\/schema.org","@graph":[{"@type":"WebPage","@id":"https:\/\/kristrom.se\/en\/areas-of-expertise\/litigation-and-arbitration\/","url":"https:\/\/kristrom.se\/en\/areas-of-expertise\/litigation-and-arbitration\/","name":"Litigation and arbitration | Kristr\u00f6m Advokatbyr\u00e5","isPartOf":{"@id":"https:\/\/kristrom.se\/#website"},"primaryImageOfPage":{"@id":"https:\/\/kristrom.se\/en\/areas-of-expertise\/litigation-and-arbitration\/#primaryimage"},"image":{"@id":"https:\/\/kristrom.se\/en\/areas-of-expertise\/litigation-and-arbitration\/#primaryimage"},"thumbnailUrl":"https:\/\/www.kristrom.se\/wp-content\/uploads\/processerskiljanderatt.png","datePublished":"2015-08-27T15:08:39+00:00","dateModified":"2017-10-20T13:28:20+00:00","description":"Jurister p\u00e5 Kristr\u00f6m Advokatbyr\u00e5 \u00e4r aktiva som partsombud och skiljem\u00e4n i skiljef\u00f6rfaranden b\u00e5de inom och utanf\u00f6r Sverige.","breadcrumb":{"@id":"https:\/\/kristrom.se\/en\/areas-of-expertise\/litigation-and-arbitration\/#breadcrumb"},"inLanguage":"en-US","potentialAction":[{"@type":"ReadAction","target":["https:\/\/kristrom.se\/en\/areas-of-expertise\/litigation-and-arbitration\/"]}]},{"@type":"ImageObject","inLanguage":"en-US","@id":"https:\/\/kristrom.se\/en\/areas-of-expertise\/litigation-and-arbitration\/#primaryimage","url":"https:\/\/www.kristrom.se\/wp-content\/uploads\/processerskiljanderatt.png","contentUrl":"https:\/\/www.kristrom.se\/wp-content\/uploads\/processerskiljanderatt.png"},{"@type":"BreadcrumbList","@id":"https:\/\/kristrom.se\/en\/areas-of-expertise\/litigation-and-arbitration\/#breadcrumb","itemListElement":[{"@type":"ListItem","position":1,"name":"Hem","item":"https:\/\/kristrom.se\/en\/"},{"@type":"ListItem","position":2,"name":"Areas of Expertise","item":"https:\/\/kristrom.se\/en\/areas-of-expertise\/"},{"@type":"ListItem","position":3,"name":"Litigation and arbitration"}]},{"@type":"WebSite","@id":"https:\/\/kristrom.se\/#website","url":"https:\/\/kristrom.se\/","name":"Kristr\u00f6m Advokatbyr\u00e5","description":"","potentialAction":[{"@type":"SearchAction","target":{"@type":"EntryPoint","urlTemplate":"https:\/\/kristrom.se\/?s={search_term_string}"},"query-input":{"@type":"PropertyValueSpecification","valueRequired":true,"valueName":"search_term_string"}}],"inLanguage":"en-US"}]}},"_links":{"self":[{"href":"https:\/\/kristrom.se\/en\/wp-json\/wp\/v2\/pages\/354","targetHints":{"allow":["GET"]}}],"collection":[{"href":"https:\/\/kristrom.se\/en\/wp-json\/wp\/v2\/pages"}],"about":[{"href":"https:\/\/kristrom.se\/en\/wp-json\/wp\/v2\/types\/page"}],"author":[{"embeddable":true,"href":"https:\/\/kristrom.se\/en\/wp-json\/wp\/v2\/users\/5"}],"replies":[{"embeddable":true,"href":"https:\/\/kristrom.se\/en\/wp-json\/wp\/v2\/comments?post=354"}],"version-history":[{"count":4,"href":"https:\/\/kristrom.se\/en\/wp-json\/wp\/v2\/pages\/354\/revisions"}],"predecessor-version":[{"id":590,"href":"https:\/\/kristrom.se\/en\/wp-json\/wp\/v2\/pages\/354\/revisions\/590"}],"up":[{"embeddable":true,"href":"https:\/\/kristrom.se\/en\/wp-json\/wp\/v2\/pages\/335"}],"wp:attachment":[{"href":"https:\/\/kristrom.se\/en\/wp-json\/wp\/v2\/media?parent=354"}],"curies":[{"name":"wp","href":"https:\/\/api.w.org\/{rel}","templated":true}]}}