{"id":418,"date":"2015-07-08T11:00:00","date_gmt":"2015-07-08T09:00:00","guid":{"rendered":"http:\/\/www.kristrom.se\/kontakt\/?lang=en"},"modified":"2024-06-18T12:04:25","modified_gmt":"2024-06-18T10:04:25","slug":"contact","status":"publish","type":"page","link":"https:\/\/kristrom.se\/en\/contact\/","title":{"rendered":"Contact"},"content":{"rendered":"<div id=\"pl-418\"  class=\"panel-layout\" ><div id=\"pg-418-0\"  class=\"panel-grid panel-no-style\" ><div id=\"pgc-418-0-0\"  class=\"panel-grid-cell\" ><div id=\"panel-418-0-0-0\" class=\"so-panel widget widget_black-studio-tinymce widget_black_studio_tinymce panel-first-child\" data-index=\"0\" ><div class=\"textwidget\"><p><strong>Address: <\/strong>Sibyllegatan 32, v\u00e5n 1, 114 43 Stockholm<\/p>\n<p><strong>Tel:<\/strong>\u00a0<a href=\"tel:+46854503070\">08 - 545 030 70<\/a><br \/>\n<strong>Mail:<\/strong>\u00a0<a href=\"mailto:info@kristrom.se\">info@kristrom.se<\/a><\/p>\n<p><strong>Bankgiro:<\/strong>\u00a0374-0388<\/p>\n<\/div><\/div><div id=\"panel-418-0-0-1\" class=\"so-panel widget widget_sow-google-map panel-last-child\" data-index=\"1\" ><div\n\t\t\t\n\t\t\tclass=\"so-widget-sow-google-map so-widget-sow-google-map-default-6b23895f316e-418\"\n\t\t\t\n\t\t>\n<div class=\"sow-google-map-canvas\"\n\tstyle=\"\"\n\tid=\"map-canvas-a45648672cb8269bc887680df39d3dca\"\n\tdata-options=\"{&quot;address&quot;:&quot;59.3387746, 18.0823483&quot;,&quot;zoom&quot;:14,&quot;mobileZoom&quot;:12,&quot;gestureHandling&quot;:&quot;greedy&quot;,&quot;disableUi&quot;:&quot;&quot;,&quot;markerIcon&quot;:false,&quot;markersDraggable&quot;:false,&quot;markerAtCenter&quot;:true,&quot;markerInfoDisplay&quot;:&quot;click&quot;,&quot;markerInfoMultiple&quot;:true,&quot;markerPositions&quot;:false,&quot;mapName&quot;:false,&quot;mapStyles&quot;:false,&quot;directions&quot;:&quot;&quot;,&quot;apiKey&quot;:&quot;AIzaSyD7j2Ct043_c9zUmRiADIUPwCdia19_HqA&quot;,&quot;breakpoint&quot;:780,&quot;id&quot;:&quot;69e74d&quot;}\"\n\tdata-fallback-image=\"{&quot;img&quot;:&quot;&quot;}\"><\/div>\n<\/div><\/div><\/div><\/div><\/div>","protected":false},"excerpt":{"rendered":"<p>Address: Sibyllegatan 32, v\u00e5n 1, 114 43 Stockholm Tel:\u00a008 &#8211; 545 030 70 Mail:\u00a0info@kristrom.se Bankgiro:\u00a0374-0388<\/p>\n","protected":false},"author":5,"featured_media":0,"parent":0,"menu_order":0,"comment_status":"closed","ping_status":"open","template":"","meta":{"_acf_changed":false,"_genesis_hide_title":false,"_genesis_hide_breadcrumbs":false,"_genesis_hide_singular_image":false,"_genesis_hide_footer_widgets":false,"_genesis_custom_body_class":"","_genesis_custom_post_class":"","_genesis_layout":"","footnotes":""},"class_list":{"0":"post-418","1":"page","2":"type-page","3":"status-publish","5":"entry"},"acf":[],"yoast_head":"<!-- This site is optimized with the Yoast SEO plugin v27.4 - https:\/\/yoast.com\/product\/yoast-seo-wordpress\/ -->\n<title>Contact | Kristr\u00f6m Advokatbyr\u00e5<\/title>\n<meta name=\"description\" content=\"Address: Sibyllegatan 32, v\u00e5n 1, 114 43 Stockholm Tel:\u00a008 - 545 030 70 Mail:\u00a0info@kristrom.se Bankgiro:\u00a0374-0388\" \/>\n<meta name=\"robots\" content=\"index, follow, max-snippet:-1, max-image-preview:large, max-video-preview:-1\" \/>\n<link rel=\"canonical\" href=\"https:\/\/kristrom.se\/en\/contact\/\" \/>\n<meta property=\"og:locale\" content=\"en_US\" \/>\n<meta property=\"og:type\" content=\"article\" \/>\n<meta property=\"og:title\" content=\"Contact | Kristr\u00f6m Advokatbyr\u00e5\" \/>\n<meta property=\"og:description\" content=\"Address: Sibyllegatan 32, v\u00e5n 1, 114 43 Stockholm Tel:\u00a008 - 545 030 70 Mail:\u00a0info@kristrom.se Bankgiro:\u00a0374-0388\" \/>\n<meta property=\"og:url\" content=\"https:\/\/kristrom.se\/en\/contact\/\" \/>\n<meta property=\"og:site_name\" content=\"Kristr\u00f6m Advokatbyr\u00e5\" \/>\n<meta property=\"article:modified_time\" content=\"2024-06-18T10:04:25+00:00\" \/>\n<meta name=\"twitter:card\" content=\"summary_large_image\" \/>\n<meta name=\"twitter:label1\" content=\"Est. reading time\" \/>\n\t<meta name=\"twitter:data1\" content=\"1 minute\" \/>\n<script type=\"application\/ld+json\" class=\"yoast-schema-graph\">{\"@context\":\"https:\\\/\\\/schema.org\",\"@graph\":[{\"@type\":\"WebPage\",\"@id\":\"https:\\\/\\\/kristrom.se\\\/en\\\/contact\\\/\",\"url\":\"https:\\\/\\\/kristrom.se\\\/en\\\/contact\\\/\",\"name\":\"Contact | Kristr\u00f6m Advokatbyr\u00e5\",\"isPartOf\":{\"@id\":\"https:\\\/\\\/kristrom.se\\\/#website\"},\"datePublished\":\"2015-07-08T09:00:00+00:00\",\"dateModified\":\"2024-06-18T10:04:25+00:00\",\"description\":\"Address: Sibyllegatan 32, v\u00e5n 1, 114 43 Stockholm Tel:\u00a008 - 545 030 70 Mail:\u00a0info@kristrom.se Bankgiro:\u00a0374-0388\",\"breadcrumb\":{\"@id\":\"https:\\\/\\\/kristrom.se\\\/en\\\/contact\\\/#breadcrumb\"},\"inLanguage\":\"en-US\",\"potentialAction\":[{\"@type\":\"ReadAction\",\"target\":[\"https:\\\/\\\/kristrom.se\\\/en\\\/contact\\\/\"]}]},{\"@type\":\"BreadcrumbList\",\"@id\":\"https:\\\/\\\/kristrom.se\\\/en\\\/contact\\\/#breadcrumb\",\"itemListElement\":[{\"@type\":\"ListItem\",\"position\":1,\"name\":\"Hem\",\"item\":\"https:\\\/\\\/kristrom.se\\\/en\\\/\"},{\"@type\":\"ListItem\",\"position\":2,\"name\":\"Contact\"}]},{\"@type\":\"WebSite\",\"@id\":\"https:\\\/\\\/kristrom.se\\\/#website\",\"url\":\"https:\\\/\\\/kristrom.se\\\/\",\"name\":\"Kristr\u00f6m Advokatbyr\u00e5\",\"description\":\"\",\"potentialAction\":[{\"@type\":\"SearchAction\",\"target\":{\"@type\":\"EntryPoint\",\"urlTemplate\":\"https:\\\/\\\/kristrom.se\\\/?s={search_term_string}\"},\"query-input\":{\"@type\":\"PropertyValueSpecification\",\"valueRequired\":true,\"valueName\":\"search_term_string\"}}],\"inLanguage\":\"en-US\"}]}<\/script>\n<!-- \/ Yoast SEO plugin. -->","yoast_head_json":{"title":"Contact | Kristr\u00f6m Advokatbyr\u00e5","description":"Address: Sibyllegatan 32, v\u00e5n 1, 114 43 Stockholm Tel:\u00a008 - 545 030 70 Mail:\u00a0info@kristrom.se Bankgiro:\u00a0374-0388","robots":{"index":"index","follow":"follow","max-snippet":"max-snippet:-1","max-image-preview":"max-image-preview:large","max-video-preview":"max-video-preview:-1"},"canonical":"https:\/\/kristrom.se\/en\/contact\/","og_locale":"en_US","og_type":"article","og_title":"Contact | Kristr\u00f6m Advokatbyr\u00e5","og_description":"Address: Sibyllegatan 32, v\u00e5n 1, 114 43 Stockholm Tel:\u00a008 - 545 030 70 Mail:\u00a0info@kristrom.se Bankgiro:\u00a0374-0388","og_url":"https:\/\/kristrom.se\/en\/contact\/","og_site_name":"Kristr\u00f6m Advokatbyr\u00e5","article_modified_time":"2024-06-18T10:04:25+00:00","twitter_card":"summary_large_image","twitter_misc":{"Est. reading time":"1 minute"},"schema":{"@context":"https:\/\/schema.org","@graph":[{"@type":"WebPage","@id":"https:\/\/kristrom.se\/en\/contact\/","url":"https:\/\/kristrom.se\/en\/contact\/","name":"Contact | Kristr\u00f6m Advokatbyr\u00e5","isPartOf":{"@id":"https:\/\/kristrom.se\/#website"},"datePublished":"2015-07-08T09:00:00+00:00","dateModified":"2024-06-18T10:04:25+00:00","description":"Address: Sibyllegatan 32, v\u00e5n 1, 114 43 Stockholm Tel:\u00a008 - 545 030 70 Mail:\u00a0info@kristrom.se Bankgiro:\u00a0374-0388","breadcrumb":{"@id":"https:\/\/kristrom.se\/en\/contact\/#breadcrumb"},"inLanguage":"en-US","potentialAction":[{"@type":"ReadAction","target":["https:\/\/kristrom.se\/en\/contact\/"]}]},{"@type":"BreadcrumbList","@id":"https:\/\/kristrom.se\/en\/contact\/#breadcrumb","itemListElement":[{"@type":"ListItem","position":1,"name":"Hem","item":"https:\/\/kristrom.se\/en\/"},{"@type":"ListItem","position":2,"name":"Contact"}]},{"@type":"WebSite","@id":"https:\/\/kristrom.se\/#website","url":"https:\/\/kristrom.se\/","name":"Kristr\u00f6m Advokatbyr\u00e5","description":"","potentialAction":[{"@type":"SearchAction","target":{"@type":"EntryPoint","urlTemplate":"https:\/\/kristrom.se\/?s={search_term_string}"},"query-input":{"@type":"PropertyValueSpecification","valueRequired":true,"valueName":"search_term_string"}}],"inLanguage":"en-US"}]}},"_links":{"self":[{"href":"https:\/\/kristrom.se\/en\/wp-json\/wp\/v2\/pages\/418","targetHints":{"allow":["GET"]}}],"collection":[{"href":"https:\/\/kristrom.se\/en\/wp-json\/wp\/v2\/pages"}],"about":[{"href":"https:\/\/kristrom.se\/en\/wp-json\/wp\/v2\/types\/page"}],"author":[{"embeddable":true,"href":"https:\/\/kristrom.se\/en\/wp-json\/wp\/v2\/users\/5"}],"replies":[{"embeddable":true,"href":"https:\/\/kristrom.se\/en\/wp-json\/wp\/v2\/comments?post=418"}],"version-history":[{"count":11,"href":"https:\/\/kristrom.se\/en\/wp-json\/wp\/v2\/pages\/418\/revisions"}],"predecessor-version":[{"id":1410,"href":"https:\/\/kristrom.se\/en\/wp-json\/wp\/v2\/pages\/418\/revisions\/1410"}],"wp:attachment":[{"href":"https:\/\/kristrom.se\/en\/wp-json\/wp\/v2\/media?parent=418"}],"curies":[{"name":"wp","href":"https:\/\/api.w.org\/{rel}","templated":true}]}}